{"id":190,"date":"2012-01-09T22:12:48","date_gmt":"2012-01-09T22:12:48","guid":{"rendered":"http:\/\/vidaindependientemexico.com\/?page_id=190"},"modified":"2025-09-23T02:04:15","modified_gmt":"2025-09-23T02:04:15","slug":"contacto","status":"publish","type":"page","link":"http:\/\/vidaindependientemexico.com\/?page_id=190","title":{"rendered":"Directorio"},"content":{"rendered":"<p><span style=\"color: #008000; font-size: 12pt;\"><strong>MESA DIRECTIVA<\/strong><\/span><\/p>\n<p>SANTIAGO VELAZQUEZ DUARTE&nbsp;<span style=\"color: #a4c639;\">PRESIDENTE<\/span><\/p>\n<p>MA. DEL CARMEN VALDEZ DUARTE&nbsp;<span style=\"color: #a4c639;\">SECRETARIA<\/span><\/p>\n<p>MARTHA ALICIA DELGADO ARANA&nbsp;<span style=\"color: #a4c639;\">TESORERO<\/span><\/p>\n<p>MARIA DEL PILAR PALACIA LORES&nbsp;<span style=\"color: #a4c639;\">VOCAL<\/span><\/p>\n<p>CANDELARIO VICENTE MART\u00cdNEZ&nbsp;<span style=\"color: #a4c639;\">VOCAL<\/span><\/p>\n<div>&nbsp;<\/div>\n<div>&nbsp;<\/div>\n<div>&nbsp;<\/div>\n<div>\n<p><span style=\"color: #008000; font-size: 12pt;\"><strong>DIRECTOR GENERAL Y REPRESENTANTE LEGAL<\/strong><\/span><\/p>\n<p>SANTIAGO VEL\u00c1ZQUEZ DUARTE&nbsp;<\/p>\n<p>OFICINA: 55 4171-1220&nbsp;<\/p>\n<p><span style=\"color: #a4c639;\">santiago@vidaindependientemexico.org<\/span><\/p>\n<\/div>\n<p>&nbsp;<\/p>\n<div>\n<p><span style=\"color: #008000; font-size: 12pt;\"><strong>ADMINISTRACI\u00d3N<\/strong><\/span><\/p>\n<p>MARTHA ALICIA DELGADO ARANA&nbsp;<\/p>\n<p>OFICINA: 55 4171-1220&nbsp;<\/p>\n<p>CEL. 55 4142 3406<\/p>\n<p><span style=\"color: #a4c639;\">organizacion@vidaindependientemexico.org<\/span><\/p>\n<\/div>\n<p>&nbsp;<\/p>\n<p><span style=\"color: #008000; font-size: 12pt;\"><strong>PROGRAMA VIDA INDEPENDIENTE&nbsp;<\/strong><\/span><\/p>\n<p>FLOR VALDEZ DUARTE<\/p>\n<p>OFICINA: 55 4171-1220&nbsp;<\/p>\n<p><span style=\"color: #a4c639;\">fundacion@vidaindependientemexico.org<\/span><\/p>\n<p>&nbsp;<\/p>\n<div>\n<div>\n<p><span style=\"color: #008000; font-size: 12pt;\"><strong>COMUNICACI\u00d3N SOCIAL&nbsp;<\/strong><\/span><\/p>\n<p>KARINA TAPIA BENITEZ<\/p>\n<p>OFICINA: 55 4171-1220&nbsp;<\/p>\n<p>CELULAR: 55 4856 0207<\/p>\n<p><span style=\"color: #a4c639;\">comunicacion@vidaindependientemexico.org<\/span><\/p>\n<p>&nbsp;<\/p>\n<div>\n<p><strong style=\"color: #008000; font-size: 12pt;\">DONACIONES VIDA INDEPENDIENTE<\/strong><\/p>\n<div>\n<p>JULIO C\u00c9SAR L\u00d3PEZ PINTO<\/p>\n<p>OFICINA: 55 4171-1220&nbsp;<\/p>\n<p>CELULAR: 55 4192 9310<\/p>\n<p><span style=\"color: #a4c639;\">julio@vidaindependientemexico.org<\/span><\/p>\n<p>&nbsp;<\/p>\n<p>O puedes dejarnos un mensaje aqu\u00ed abajo y te responderemos lo antes posible<\/p>\n<div>\n<div role=\"form\" class=\"wpcf7\" id=\"wpcf7-f436-o1\" lang=\"en-US\" dir=\"ltr\">\n<div class=\"screen-reader-response\"><p role=\"status\" aria-live=\"polite\" aria-atomic=\"true\"><\/p> <ul><\/ul><\/div>\n<form action=\"\/index.php?rest_route=%2Fwp%2Fv2%2Fpages%2F190#wpcf7-f436-o1\" method=\"post\" class=\"wpcf7-form init\" novalidate=\"novalidate\" data-status=\"init\">\n<div style=\"display: none;\">\n<input type=\"hidden\" name=\"_wpcf7\" value=\"436\" \/>\n<input type=\"hidden\" name=\"_wpcf7_version\" value=\"5.3.2\" \/>\n<input type=\"hidden\" name=\"_wpcf7_locale\" value=\"en_US\" \/>\n<input type=\"hidden\" name=\"_wpcf7_unit_tag\" value=\"wpcf7-f436-o1\" \/>\n<input type=\"hidden\" name=\"_wpcf7_container_post\" value=\"0\" \/>\n<input type=\"hidden\" name=\"_wpcf7_posted_data_hash\" value=\"\" \/>\n<\/div>\n<p>Nombre(obligatorio)<br \/>\n    <span class=\"wpcf7-form-control-wrap your-name\"><input type=\"text\" name=\"your-name\" value=\"\" size=\"40\" class=\"wpcf7-form-control wpcf7-text wpcf7-validates-as-required\" aria-required=\"true\" aria-invalid=\"false\" \/><\/span> <\/p>\n<p>e-mail (obligatorio)<br \/>\n    <span class=\"wpcf7-form-control-wrap your-email\"><input type=\"email\" name=\"your-email\" value=\"\" size=\"40\" class=\"wpcf7-form-control wpcf7-text wpcf7-email wpcf7-validates-as-required wpcf7-validates-as-email\" aria-required=\"true\" aria-invalid=\"false\" \/><\/span> <\/p>\n<p>Asunto<br \/>\n    <span class=\"wpcf7-form-control-wrap your-subject\"><input type=\"text\" name=\"your-subject\" value=\"\" size=\"40\" class=\"wpcf7-form-control wpcf7-text\" aria-invalid=\"false\" \/><\/span> <\/p>\n<p>Celular o tel\u00e9fono fijo (obligatorio)<br \/>\n    <span class=\"wpcf7-form-control-wrap your-phone\"><input type=\"text\" name=\"your-phone\" value=\"\" size=\"40\" class=\"wpcf7-form-control wpcf7-text\" aria-invalid=\"false\" \/><\/span> <\/p>\n<p>Mensaje<br \/>\n    <span class=\"wpcf7-form-control-wrap your-message\"><textarea name=\"your-message\" cols=\"40\" rows=\"10\" class=\"wpcf7-form-control wpcf7-textarea\" aria-invalid=\"false\"><\/textarea><\/span> <\/p>\n<p><input type=\"submit\" value=\"Enviar\" class=\"wpcf7-form-control wpcf7-submit\" \/><\/p>\n<p style=\"display: none !important;\" class=\"akismet-fields-container\" data-prefix=\"_wpcf7_ak_\"><label>&#916;<textarea name=\"_wpcf7_ak_hp_textarea\" cols=\"45\" rows=\"8\" maxlength=\"100\"><\/textarea><\/label><input type=\"hidden\" id=\"ak_js_1\" name=\"_wpcf7_ak_js\" value=\"243\"\/><script>document.getElementById( \"ak_js_1\" ).setAttribute( \"value\", ( new Date() ).getTime() );<\/script><\/p><div class=\"wpcf7-response-output\" aria-hidden=\"true\"><\/div><\/form><\/div>\n<p>&nbsp;<\/p>\n<p><strong>NO OLVIDES VISITAR LA TIENDA VIDA INDEPENDIENTE O CONTACTARLOS DIRECTAMENTE<\/strong><\/p>\n<div>\n<p><a href=\"http:\/\/www.tiendavidaindependiente.com\"><span style=\"color: #008000; font-size: 12pt;\">DANDO CLICK AQU\u00cd<\/span><\/a><\/p>\n<p>TEL\u00c9FONO. 55 5549 1450<\/p>\n<p>WHATS. 5625728789&nbsp;<\/p>\n<p><span style=\"color: #a4c639;\">ventasvidaindependiente@hotmail.com<\/span><\/p>\n<\/div>\n<\/div>\n<\/div>\n<\/div>\n<\/div>\n<\/div>\n","protected":false},"excerpt":{"rendered":"<p>MESA DIRECTIVA SANTIAGO VELAZQUEZ DUARTE&nbsp;PRESIDENTE MA. DEL CARMEN VALDEZ DUARTE&nbsp;SECRETARIA MARTHA ALICIA DELGADO ARANA&nbsp;TESORERO MARIA DEL PILAR PALACIA LORES&nbsp;VOCAL CANDELARIO VICENTE MART\u00cdNEZ&nbsp;VOCAL &nbsp; &nbsp; &nbsp; DIRECTOR GENERAL Y REPRESENTANTE LEGAL SANTIAGO VEL\u00c1ZQUEZ DUARTE&nbsp; OFICINA: 55 4171-1220&nbsp; santiago@vidaindependientemexico.org &nbsp; ADMINISTRACI\u00d3N MARTHA ALICIA DELGADO ARANA&nbsp; OFICINA: 55 4171-1220&nbsp; CEL. 55 4142 3406<a href=\"http:\/\/vidaindependientemexico.com\/?page_id=190\" class=\"read-more\">Read More<\/a><\/p>\n","protected":false},"author":3,"featured_media":0,"parent":0,"menu_order":8,"comment_status":"closed","ping_status":"closed","template":"","meta":{"ngg_post_thumbnail":0,"footnotes":""},"class_list":["post-190","page","type-page","status-publish","hentry"],"_links":{"self":[{"href":"http:\/\/vidaindependientemexico.com\/index.php?rest_route=\/wp\/v2\/pages\/190"}],"collection":[{"href":"http:\/\/vidaindependientemexico.com\/index.php?rest_route=\/wp\/v2\/pages"}],"about":[{"href":"http:\/\/vidaindependientemexico.com\/index.php?rest_route=\/wp\/v2\/types\/page"}],"author":[{"embeddable":true,"href":"http:\/\/vidaindependientemexico.com\/index.php?rest_route=\/wp\/v2\/users\/3"}],"replies":[{"embeddable":true,"href":"http:\/\/vidaindependientemexico.com\/index.php?rest_route=%2Fwp%2Fv2%2Fcomments&post=190"}],"version-history":[{"count":56,"href":"http:\/\/vidaindependientemexico.com\/index.php?rest_route=\/wp\/v2\/pages\/190\/revisions"}],"predecessor-version":[{"id":5024,"href":"http:\/\/vidaindependientemexico.com\/index.php?rest_route=\/wp\/v2\/pages\/190\/revisions\/5024"}],"wp:attachment":[{"href":"http:\/\/vidaindependientemexico.com\/index.php?rest_route=%2Fwp%2Fv2%2Fmedia&parent=190"}],"curies":[{"name":"wp","href":"https:\/\/api.w.org\/{rel}","templated":true}]}}