{"id":216,"date":"2012-01-09T23:09:07","date_gmt":"2012-01-09T23:09:07","guid":{"rendered":"http:\/\/vidaindependientemexico.com\/?page_id=216"},"modified":"2019-06-26T22:40:17","modified_gmt":"2019-06-26T22:40:17","slug":"fundadores-vim-pcd","status":"publish","type":"page","link":"http:\/\/vidaindependientemexico.com\/?page_id=216","title":{"rendered":"Carta del Fundador"},"content":{"rendered":"<p style=\"text-align: justify;\"><span style=\"color: #000000;\"><em>\u201cAl dedicar mi vida a la lucha de las personas con discapacidad por alcanzar su independencia y recuperar su dignidad como seres humanos, principalmente en M\u00e9xico y la mayor\u00eda de los pa\u00edses de Am\u00e9rica Latina; he constatado que los esfuerzos de las organizaciones para personas con discapacidad, instituciones de Estado, familiares, amigos, activistas y simpatizantes de este gran movimiento, no han sido suficientes. En ocasiones, pareciera que lo hacemos de forma&nbsp; silenciosa y no hemos logrado lo que millones de personas esperan de nosotros, principalmente las que se encuentran en zonas de alta marginaci\u00f3n.&nbsp; A trav\u00e9s de estos a\u00f1os de trabajo, la demanda crece cada d\u00eda m\u00e1s y las personas con discapacidad que ya no quieren permanecer al margen de la sociedad exigen servicios de salud y rehabilitaci\u00f3n m\u00e1s efectivos y de mejor calidad.<\/em><\/span><\/p>\n<p><img loading=\"lazy\" decoding=\"async\" class=\"alignnone wp-image-3207 size-full\" src=\"http:\/\/vidaindependientemexico.com\/wp-content\/uploads\/2018\/11\/21761748_10156589191188294_4676209645147173150_n.jpg\" alt=\"\" width=\"960\" height=\"355\" srcset=\"http:\/\/vidaindependientemexico.com\/wp-content\/uploads\/2018\/11\/21761748_10156589191188294_4676209645147173150_n.jpg 960w, http:\/\/vidaindependientemexico.com\/wp-content\/uploads\/2018\/11\/21761748_10156589191188294_4676209645147173150_n-300x111.jpg 300w, http:\/\/vidaindependientemexico.com\/wp-content\/uploads\/2018\/11\/21761748_10156589191188294_4676209645147173150_n-768x284.jpg 768w\" sizes=\"(max-width: 960px) 100vw, 960px\" \/><\/p>\n<p style=\"text-align: justify;\"><span style=\"color: #000000;\"><em>Durante siglos, las personas con discapacidad hemos permitido que se nos deval\u00fae consider\u00e1ndonos como seres incapaces de hacernos responsables de decidir el destino de nuestras propias vidas. Lamentablemente&nbsp; nuestras familias, la sociedad y el Estado, han sido participes y c\u00f3mplices de esta situaci\u00f3n. Las razones han sido diversas, desde la ignorancia de lo que significa y puede hacer una persona con discapacidad cuando se reconoce su valor, se le acompa\u00f1a y se le motiva en forma adecuada, hasta el hecho de entender que por no conocer los beneficios de vivir de otra manera, no hemos sabido luchar ni realizar los esfuerzos necesarios para merecer y conservar los derechos que est\u00e1n impresos en el papel, pero no en voluntad ni en los corazones de la mayor\u00eda que a\u00fan abandonada.<\/em><\/span><\/p>\n<p style=\"text-align: justify;\"><span style=\"color: #000000;\"><em>Todo este vac\u00edo nos ha dejado a meced de intereses personales e ideol\u00f3gicos muy complejos presentes en una sociedad igualmente necesitada de rehabilitaci\u00f3n y que lejos de erigirse sobre bases s\u00f3lidas, ha pretendido usurpar los espacios que nos corresponden o nos han utilizado como objetos de cambio y estrategia de imagen; para lavar culpas o seguir justificando costosos programas asistenciales.&nbsp;<\/em><\/span><\/p>\n<p style=\"text-align: justify;\"><span style=\"color: #000000;\"><em>Por ello, creo que es el momento vital para utilizar toda nuestra infraestructura y experiencia con nuestro programa y la independencia conquistada en alg\u00fan instante de nuestra vida y reconocer la importante necesidad de volverse menos ego\u00edstas, y compartir aquellas experiencias con otros.<\/em><\/span><\/p>\n<p><a href=\"http:\/\/vidaindependientemexico.com\/wp-content\/uploads\/2018\/11\/PROTO-1.jpg\" target=\"_blank\" rel=\"noopener\"><img loading=\"lazy\" decoding=\"async\" class=\"wp-image-3215 aligncenter\" src=\"http:\/\/vidaindependientemexico.com\/wp-content\/uploads\/2018\/11\/PROTO-1.jpg\" alt=\"\" width=\"437\" height=\"246\" srcset=\"http:\/\/vidaindependientemexico.com\/wp-content\/uploads\/2018\/11\/PROTO-1.jpg 1280w, http:\/\/vidaindependientemexico.com\/wp-content\/uploads\/2018\/11\/PROTO-1-300x169.jpg 300w, http:\/\/vidaindependientemexico.com\/wp-content\/uploads\/2018\/11\/PROTO-1-768x432.jpg 768w, http:\/\/vidaindependientemexico.com\/wp-content\/uploads\/2018\/11\/PROTO-1-1024x576.jpg 1024w\" sizes=\"(max-width: 437px) 100vw, 437px\" \/><\/a><\/p>\n<p style=\"text-align: justify;\"><span style=\"color: #000000;\"><em><span style=\"color: #000000;\">Con m\u00e1s de tres d\u00e9cadas de experiencia construyendo un modelo diverso y probado de rehabilitaci\u00f3n integral para impulsar la integraci\u00f3n social, dieciocho&nbsp;mil personas rehabilitadas y el testimonio fehaciente de ellas que han querido compartir su experiencia por escrito; en Vida Independiente M\u00e9xico creemos que es el momento de que las personas con discapacidad retomemos nuestro lugar en el mundo, partiendo de nuestro valor y dignidad, demostrando de lo que si somos capaces; y, no del modo en que algunos lo han buscado: exigiendo, manipulando, chantajeando, sin cumplirse as\u00ed mismas; sin valorar primero su propia dignidad como personas con discapacidad y a partir de ah\u00ed, hacer valer sus propios derechos.&nbsp;<\/span><\/em><\/span><\/p>\n<p><span style=\"color: #000000;\"><em>El Programa Vida Independiente M\u00e9xico representa hoy por hoy un arma eficaz que ha comprobado en m\u00e1s de 274 Cursos de Rehabilitaci\u00f3n Activa, ser instrumento indispensable en la formaci\u00f3n y conciencia de la persona con discapacidad. Se rompen paradigmas paternalistas y se propicia as\u00ed, un cambio de actitud trascendental en el individuo, renaciendo con nuevas habilidades, conocimientos, t\u00e9cnicas e ideolog\u00eda, que hacen de la Filosof\u00eda Vida Independiente una pr\u00e1ctica enriquecedora del tejido social en su conjunto.<\/em><\/span><\/p>\n<p><a href=\"http:\/\/vidaindependientemexico.com\/wp-content\/uploads\/2012\/01\/IMG_2701.jpg\" target=\"_blank\" rel=\"noopener\"><img loading=\"lazy\" decoding=\"async\" class=\"wp-image-2823 aligncenter\" src=\"http:\/\/vidaindependientemexico.com\/wp-content\/uploads\/2012\/01\/IMG_2701.jpg\" alt=\"\" width=\"559\" height=\"372\" srcset=\"http:\/\/vidaindependientemexico.com\/wp-content\/uploads\/2012\/01\/IMG_2701.jpg 3088w, http:\/\/vidaindependientemexico.com\/wp-content\/uploads\/2012\/01\/IMG_2701-300x200.jpg 300w, http:\/\/vidaindependientemexico.com\/wp-content\/uploads\/2012\/01\/IMG_2701-768x511.jpg 768w, http:\/\/vidaindependientemexico.com\/wp-content\/uploads\/2012\/01\/IMG_2701-1024x682.jpg 1024w\" sizes=\"(max-width: 559px) 100vw, 559px\" \/><\/a><\/p>\n<p><span style=\"color: #000000;\"><em>Quisiera dejar en claro que este documento es solo el punto de partida de esta lucha hacia una transformaci\u00f3n social profunda; donde quede claramente demostrado que la independencia de las personas con discapacidad no se mendiga, ni se implora. se conquista. Por lo que estas lineas significan s\u00f3lo el hasta luego de una historia en el que todas las personas y todos los seres humanos estamos invitados.&#8221;<\/em><\/span><\/p>\n<p style=\"text-align: right;\"><span style=\"color: #0000ff;\"><strong>ING. SANTIAGO VEL\u00c1ZQUEZ DUARTE<\/strong><\/span><\/p>\n<p style=\"text-align: center;\">_____________________________________________________________<\/p>\n<p style=\"text-align: center;\"><span style=\"font-family: helvetica, arial, sans-serif;\"><strong>\u00bfTe gustar\u00eda escuchar la historia y filosof\u00eda de Santiago&nbsp;en sus propias palabras? <\/strong><\/span><\/p>\n<p style=\"text-align: center;\"><span style=\"font-family: helvetica, arial, sans-serif;\"><strong>Te dejamos estos&nbsp;<\/strong><\/span><span style=\"font-family: helvetica, arial, sans-serif;\"><b>v\u00eddeos<\/b><\/span><\/p>\n<p><iframe loading=\"lazy\" title=\"Conociendo la vida de Santiago Vela?zquez, creador de la fundaci\u00f3n Vida Independiente. Parte1\" width=\"584\" height=\"329\" src=\"https:\/\/www.youtube.com\/embed\/aimsd_w8wzc?feature=oembed\" frameborder=\"0\" allow=\"accelerometer; autoplay; clipboard-write; encrypted-media; gyroscope; picture-in-picture; web-share\" referrerpolicy=\"strict-origin-when-cross-origin\" allowfullscreen><\/iframe><\/p>\n<p style=\"text-align: center;\"><span style=\"color: #000000; font-size: 8pt;\"><strong><em>Entrevista realizada a Santiago Vel\u00e1zquez en Rep\u00fablica Dominicana <\/em><\/strong><\/span><span style=\"color: #000000; font-size: 8pt;\"><strong><em>(parte 1).<\/em><\/strong><\/span><\/p>\n<p><iframe loading=\"lazy\" title=\"Conociendo la vida de Santiago Vela?zquez, creador de la fundaci\u00f3n Vida Independiente. parte 2\" width=\"584\" height=\"329\" src=\"https:\/\/www.youtube.com\/embed\/zwJ-wJpzwO8?feature=oembed\" frameborder=\"0\" allow=\"accelerometer; autoplay; clipboard-write; encrypted-media; gyroscope; picture-in-picture; web-share\" referrerpolicy=\"strict-origin-when-cross-origin\" allowfullscreen><\/iframe><\/p>\n<p style=\"text-align: center;\"><span style=\"color: #000000; font-size: 8pt;\"><strong><em>Entrevista realizada a Santiago Vel\u00e1zquez en Rep\u00fablica Dominicana <\/em><\/strong><\/span><span style=\"color: #000000; font-size: 8pt;\"><strong><em>(parte 2).<\/em><\/strong><\/span><\/p>\n","protected":false},"excerpt":{"rendered":"<p>\u201cAl dedicar mi vida a la lucha de las personas con discapacidad por alcanzar su independencia y recuperar su dignidad como seres humanos, principalmente en M\u00e9xico y la mayor\u00eda de los pa\u00edses de Am\u00e9rica Latina; he constatado que los esfuerzos de las organizaciones para personas con discapacidad, instituciones de Estado,<a href=\"http:\/\/vidaindependientemexico.com\/?page_id=216\" class=\"read-more\">Read More<\/a><\/p>\n","protected":false},"author":3,"featured_media":3264,"parent":173,"menu_order":0,"comment_status":"closed","ping_status":"closed","template":"","meta":{"ngg_post_thumbnail":0,"footnotes":""},"class_list":["post-216","page","type-page","status-publish","has-post-thumbnail","hentry"],"_links":{"self":[{"href":"http:\/\/vidaindependientemexico.com\/index.php?rest_route=\/wp\/v2\/pages\/216"}],"collection":[{"href":"http:\/\/vidaindependientemexico.com\/index.php?rest_route=\/wp\/v2\/pages"}],"about":[{"href":"http:\/\/vidaindependientemexico.com\/index.php?rest_route=\/wp\/v2\/types\/page"}],"author":[{"embeddable":true,"href":"http:\/\/vidaindependientemexico.com\/index.php?rest_route=\/wp\/v2\/users\/3"}],"replies":[{"embeddable":true,"href":"http:\/\/vidaindependientemexico.com\/index.php?rest_route=%2Fwp%2Fv2%2Fcomments&post=216"}],"version-history":[{"count":87,"href":"http:\/\/vidaindependientemexico.com\/index.php?rest_route=\/wp\/v2\/pages\/216\/revisions"}],"predecessor-version":[{"id":4298,"href":"http:\/\/vidaindependientemexico.com\/index.php?rest_route=\/wp\/v2\/pages\/216\/revisions\/4298"}],"up":[{"embeddable":true,"href":"http:\/\/vidaindependientemexico.com\/index.php?rest_route=\/wp\/v2\/pages\/173"}],"wp:featuredmedia":[{"embeddable":true,"href":"http:\/\/vidaindependientemexico.com\/index.php?rest_route=\/wp\/v2\/media\/3264"}],"wp:attachment":[{"href":"http:\/\/vidaindependientemexico.com\/index.php?rest_route=%2Fwp%2Fv2%2Fmedia&parent=216"}],"curies":[{"name":"wp","href":"https:\/\/api.w.org\/{rel}","templated":true}]}}