{"id":237,"date":"2012-01-09T23:23:45","date_gmt":"2012-01-09T23:23:45","guid":{"rendered":"http:\/\/vidaindependientemexico.com\/?page_id=237"},"modified":"2019-08-20T16:53:39","modified_gmt":"2019-08-20T16:53:39","slug":"derecho-a-la-integracion","status":"publish","type":"page","link":"http:\/\/vidaindependientemexico.com\/?page_id=237","title":{"rendered":"Derecho a la Inclusi\u00f3n"},"content":{"rendered":"<p style=\"text-align: center;\"><a href=\"http:\/\/vidaindependientemexico.com\/wp-content\/uploads\/2012\/01\/cabeza-derecho-integraci\u00f3n-arriba.jpg\"><img loading=\"lazy\" decoding=\"async\" class=\"aligncenter size-full wp-image-1104\" title=\"cabeza-derecho-integraci\u00f3n-arriba\" src=\"http:\/\/vidaindependientemexico.com\/wp-content\/uploads\/2012\/01\/cabeza-derecho-integraci\u00f3n-arriba.jpg\" alt=\"\" width=\"704\" height=\"533\" srcset=\"http:\/\/vidaindependientemexico.com\/wp-content\/uploads\/2012\/01\/cabeza-derecho-integraci\u00f3n-arriba.jpg 704w, http:\/\/vidaindependientemexico.com\/wp-content\/uploads\/2012\/01\/cabeza-derecho-integraci\u00f3n-arriba-300x227.jpg 300w\" sizes=\"(max-width: 704px) 100vw, 704px\" \/><\/a><span class=\"Apple-style-span\" style=\"color: #059df3;\"><strong>No Discriminar absolutamente a nadie, puede crear -con el tiempo- ambientes de Justicia<\/strong><\/span><\/p>\n<p style=\"text-align: justify;\"><span style=\"color: #000000;\">Las PCD asumimos la responsabilidad de no discriminar, para crear ambientes de justicia; con todo lo que implica: reconocer la personalidad y capacidad jur\u00eddicas de todas las PCD en todos los aspectos de la vida; la posibilidad de que las PCD tengamos acceso al apoyo necesario en el ejercicio de dicha capacidad y a las salvaguardias adecuadas y efectivas que impidan cualquier abuso y aseguren el respeto a nuestros derechos, voluntad y preferencias como PCD; excluyendo conflictos de intereses e influencias indebidas. Garantizando el derecho de las PCD a no ser privadas de sus bienes de forma arbitraria, a ser propietarias, heredar, controlar sus propios asuntos econ\u00f3micos y acceder a pr\u00e9stamos bancarios, hipotecas y otras modalidades de cr\u00e9dito, sin discriminaci\u00f3n de ninguna especie (<em><span style=\"text-decoration: underline;\"><a style=\"color: #000000; text-decoration: underline;\" href=\"http:\/\/es.wikisource.org\/wiki\/Convenci\u00f3n_sobre_los_Derechos_de_las_Personas_con_Discapacidad_y_su_Protocolo_Facultativo_de_las_Naciones_Unidas:_13\">Art. 12&nbsp; Igualdad ante la ley<\/a><\/span><\/em>); asegurando su acceso a la justicia, sin discriminaci\u00f3n de ning\u00fan tipo: facilitando su participaci\u00f3n directa o indirecta en procedimientos judiciales, investigaciones, testificaciones u otras etapas procesales; incluyendo la capacitaci\u00f3n necesaria por parte de los responsables de administrar justicia, personal policial y penitenciario (<em><span style=\"text-decoration: underline;\"><a style=\"color: #000000; text-decoration: underline;\" href=\"http:\/\/es.wikisource.org\/wiki\/Convenci\u00f3n_sobre_los_Derechos_de_las_Personas_con_Discapacidad_y_su_Protocolo_Facultativo_de_las_Naciones_Unidas:_14\">Art. 13&nbsp; Acceso a la justicia<\/a><\/span><\/em>).<\/span><\/p>\n<p style=\"text-align: justify;\"><span style=\"color: #000000;\">Siendo el prop\u00f3sito de la CDPD promover, proteger y asegurar el goce pleno y en condiciones de igualdad de todos los derechos humanos y libertades fundamentales de todas las PCD, incluyendo el respeto a su dignidad inherente, m\u00e1s all\u00e1 de sus deficiencias f\u00edsicas, mentales, intelectuales o sensoriales; las cuales limitan su participaci\u00f3n plena y efectiva en la sociedad (<em><span style=\"text-decoration: underline;\"><a style=\"color: #000000; text-decoration: underline;\" href=\"http:\/\/es.wikisource.org\/wiki\/Convenci\u00f3n_sobre_los_Derechos_de_las_Personas_con_Discapacidad_y_su_Protocolo_Facultativo_de_las_Naciones_Unidas:_02\">Art.&nbsp; 1&nbsp;&nbsp; Prop\u00f3sito de la CDPD<\/a><\/span><\/em>), las PCD reconocemos que toda discriminaci\u00f3n por motivos de discapacidad crea injusticia; y que, la igualdad ante la ley, en ocasiones requiere ajustes razonables y otras medidas necesarias para acelerar o lograr la igualdad de hecho de las personas con discapacidad (<em><span style=\"text-decoration: underline;\"><a style=\"color: #000000; text-decoration: underline;\" href=\"http:\/\/es.wikisource.org\/wiki\/Convenci\u00f3n_sobre_los_Derechos_de_las_Personas_con_Discapacidad_y_su_Protocolo_Facultativo_de_las_Naciones_Unidas:_06\">Art. 5&nbsp; Igualdad y no discriminaci\u00f3n<\/a><\/span><\/em>). Adicionalmente, las definiciones de la CDPD, incluyen conceptos que buscan favorecer la igualdad y prevenir la discriminaci\u00f3n: comunicaci\u00f3n y lenguaje 100% incluyentes, ajustes razonables -adaptaciones que no implican cargas excesivas- y dise\u00f1o universal: bienes y servicios destinados a ser utilizados por todos los seres humanos (<em><span style=\"text-decoration: underline;\"><a style=\"color: #000000; text-decoration: underline;\" href=\"http:\/\/es.wikisource.org\/wiki\/Convenci\u00f3n_sobre_los_Derechos_de_las_Personas_con_Discapacidad_y_su_Protocolo_Facultativo_de_las_Naciones_Unidas:_03\">Art. 2 Definiciones<\/a><\/span><\/em>).<\/span><\/p>\n<p style=\"text-align: center;\"><span class=\"Apple-style-span\" style=\"font-weight: bold; color: #000000;\">Responsabilidad de fomentar una Vida Digna y Abundante para todos los seres humanos<\/span><\/p>\n<p style=\"text-align: justify;\"><span style=\"color: #000000;\">Las PCD reconocemos nuestro derecho a la educaci\u00f3n y nuestra responsabilidad de aprender para desarrollar plenamente nuestro potencial humano con sentido de dignidad, autoestima y respeto por los derechos humanos, las libertades fundamentales y las diversidades humanas; nuestra personalidad, talentos y creatividad, as\u00ed como nuestras aptitudes mentales y f\u00edsicas; para facilitar nuestra inclusi\u00f3n y participaci\u00f3n efectivas. Erradicando toda forma de exclusi\u00f3n de los sistemas de ense\u00f1anza por motivos de discapacidad; asegurando la accesibilidad, ajustes razonables y el apoyo necesario para facilitar una educaci\u00f3n adecuada; incluyendo la formaci\u00f3n de profesionales y personal docente, conscientes y coherentemente capacitados (<em><span style=\"text-decoration: underline;\"><a style=\"color: #000000; text-decoration: underline;\" href=\"http:\/\/es.wikisource.org\/wiki\/Convenci\u00f3n_sobre_los_Derechos_de_las_Personas_con_Discapacidad_y_su_Protocolo_Facultativo_de_las_Naciones_Unidas:_25\">Art. 24&nbsp; Educaci\u00f3n<\/a><\/span><\/em>). Las PCD reconocemos nuestro derecho a la salud sin discriminaci\u00f3n por motivos de discapacidad y asumimos nuestra responsabilidad para asegurar nuestro acceso a servicios de salud y rehabilitaci\u00f3n adecuados: gratuitos o a precios accesibles, incluyendo salud sexual y reproductiva y otros programas de salud p\u00fablica o servicios espec\u00edficamente requeridos a consecuencia de la discapacidad; incluyendo la detecci\u00f3n, intervenci\u00f3n y prevenci\u00f3n de nuevas discapacidades. Asegurando una \u00f3ptima calidad y respeto a los derechos, dignidad, autonom\u00eda y necesidades de las PCD; as\u00ed como capacitaci\u00f3n y normas \u00e9ticas a nivel p\u00fablico y privado: sin discriminaci\u00f3n de ning\u00fan tipo o por motivos de discapacidad (<em><span style=\"text-decoration: underline;\"><a style=\"color: #000000; text-decoration: underline;\" href=\"http:\/\/es.wikisource.org\/wiki\/Convenci\u00f3n_sobre_los_Derechos_de_las_Personas_con_Discapacidad_y_su_Protocolo_Facultativo_de_las_Naciones_Unidas:_26\">Art. 25&nbsp; Salud<\/a><\/span><\/em>).<\/span><\/p>\n<p style=\"text-align: justify;\"><span style=\"color: #000000;\">Las PCD reconocemos nuestro derecho a trabajar en entornos laborales abiertos, inclusivos y accesibles, sin discriminaci\u00f3n de ning\u00fan tipo o por motivos de discapacidad. Asumimos nuestra responsabilidad de salvaguardar y ejercer nuestro derecho al trabajo, incluidas las condiciones de selecci\u00f3n, contrataci\u00f3n y empleo; la continuidad en el mismo, la promoci\u00f3n profesional y ambientes laborales seguros y saludables, justos y favorables: con igualdad de oportunidades y de remuneraci\u00f3n, protecci\u00f3n contra el acoso y reparaci\u00f3n por agravios sufridos; ejercicio de derechos laborales y sindicales, acceso efectivo a programas de orientaci\u00f3n t\u00e9cnica y vocacional, servicios de colocaci\u00f3n y formaci\u00f3n profesional y continua; oportunidades empresariales, empleo por cuenta propia, constituci\u00f3n de cooperativas e inicio de empresas propias; empleo en el sector p\u00fablico o privado mediante pol\u00edticas&nbsp; y&nbsp; medidas pertinentes, acciones afirmativas, incentivos y otras medidas o ajustes razonables; previniendo cualquier situaci\u00f3n que pueda implicar sometimiento de las PCD a condiciones de esclavitud o servidumbre, trabajo forzoso u obligatorio (<em><span style=\"text-decoration: underline;\"><a style=\"color: #000000; text-decoration: underline;\" href=\"http:\/\/es.wikisource.org\/wiki\/Convenci\u00f3n_sobre_los_Derechos_de_las_Personas_con_Discapacidad_y_su_Protocolo_Facultativo_de_las_Naciones_Unidas:_28\">Art. 27&nbsp; Trabajo y empleo<\/a><\/span><\/em>). Las PCD reconocemos nuestro derecho a un nivel de vida adecuado para nosotras y nuestras familias, lo cual incluye alimentaci\u00f3n, vestido y vivienda adecuados; y, sin discriminaci\u00f3n por motivos de discapacidad; acceso a servicios de agua potable y otros servicios para atender necesidades relacionadas con la discapacidad; programas de protecci\u00f3n social y estrategias de reducci\u00f3n de la pobreza; capacitaci\u00f3n, mejora continua, asesoramiento, asistencia financiera y servicio de cuidados temporales adecuados; programas de vivienda p\u00fablica; beneficios de jubilaci\u00f3n, entre otros (<em><span style=\"text-decoration: underline;\"><a style=\"color: #000000; text-decoration: underline;\" href=\"http:\/\/es.wikisource.org\/wiki\/Convenci\u00f3n_sobre_los_Derechos_de_las_Personas_con_Discapacidad_y_su_Protocolo_Facultativo_de_las_Naciones_Unidas:_29\">Art. 28 Nivel de vida adecuado y protecci\u00f3n social<\/a><\/span><\/em>).<\/span><\/p>\n<p>&nbsp;<\/p>\n<p><a href=\"http:\/\/vidaindependientemexico.com\/wp-content\/uploads\/2012\/01\/cabeza-derecho-integraci\u00f3n-abajo.jpg\"><img loading=\"lazy\" decoding=\"async\" class=\"aligncenter size-full wp-image-1136\" title=\"cabeza-derecho-integraci\u00f3n-abajo\" src=\"http:\/\/vidaindependientemexico.com\/wp-content\/uploads\/2012\/01\/cabeza-derecho-integraci\u00f3n-abajo.jpg\" alt=\"\" width=\"704\" height=\"533\" srcset=\"http:\/\/vidaindependientemexico.com\/wp-content\/uploads\/2012\/01\/cabeza-derecho-integraci\u00f3n-abajo.jpg 704w, http:\/\/vidaindependientemexico.com\/wp-content\/uploads\/2012\/01\/cabeza-derecho-integraci\u00f3n-abajo-300x227.jpg 300w\" sizes=\"(max-width: 704px) 100vw, 704px\" \/><\/a><\/p>\n","protected":false},"excerpt":{"rendered":"<p>No Discriminar absolutamente a nadie, puede crear -con el tiempo- ambientes de Justicia Las PCD asumimos la responsabilidad de no discriminar, para crear ambientes de justicia; con todo lo que implica: reconocer la personalidad y capacidad jur\u00eddicas de todas las PCD en todos los aspectos de la vida; la posibilidad<a href=\"http:\/\/vidaindependientemexico.com\/?page_id=237\" class=\"read-more\">Read More<\/a><\/p>\n","protected":false},"author":3,"featured_media":0,"parent":0,"menu_order":0,"comment_status":"closed","ping_status":"closed","template":"","meta":{"ngg_post_thumbnail":0,"footnotes":""},"class_list":["post-237","page","type-page","status-publish","hentry"],"_links":{"self":[{"href":"http:\/\/vidaindependientemexico.com\/index.php?rest_route=\/wp\/v2\/pages\/237"}],"collection":[{"href":"http:\/\/vidaindependientemexico.com\/index.php?rest_route=\/wp\/v2\/pages"}],"about":[{"href":"http:\/\/vidaindependientemexico.com\/index.php?rest_route=\/wp\/v2\/types\/page"}],"author":[{"embeddable":true,"href":"http:\/\/vidaindependientemexico.com\/index.php?rest_route=\/wp\/v2\/users\/3"}],"replies":[{"embeddable":true,"href":"http:\/\/vidaindependientemexico.com\/index.php?rest_route=%2Fwp%2Fv2%2Fcomments&post=237"}],"version-history":[{"count":17,"href":"http:\/\/vidaindependientemexico.com\/index.php?rest_route=\/wp\/v2\/pages\/237\/revisions"}],"predecessor-version":[{"id":4322,"href":"http:\/\/vidaindependientemexico.com\/index.php?rest_route=\/wp\/v2\/pages\/237\/revisions\/4322"}],"wp:attachment":[{"href":"http:\/\/vidaindependientemexico.com\/index.php?rest_route=%2Fwp%2Fv2%2Fmedia&parent=237"}],"curies":[{"name":"wp","href":"https:\/\/api.w.org\/{rel}","templated":true}]}}