{"id":239,"date":"2012-01-09T23:24:24","date_gmt":"2012-01-09T23:24:24","guid":{"rendered":"http:\/\/vidaindependientemexico.com\/?page_id=239"},"modified":"2019-07-17T23:04:26","modified_gmt":"2019-07-17T23:04:26","slug":"texto-completofotos","status":"publish","type":"page","link":"http:\/\/vidaindependientemexico.com\/?page_id=239","title":{"rendered":"Convenci\u00f3n sobre los derechos de las PCD"},"content":{"rendered":"<p style=\"text-align: justify;\"><span style=\"color: #000000;\">Resoluci\u00f3n aprobada por la Asamblea General de Naciones Unidas 61\/106. Convenci\u00f3n sobre los derechos de las personas con discapacidad. Nueva York, 13 de diciembre de 2006<\/span><\/p>\n<p style=\"text-align: justify;\"><span style=\"color: #000000;\">El contenido textual de los treinta primeros art\u00edculos a que se refieren las responsabilidades que hemos incluido en este sitio web y del resto de la Convenci\u00f3n, es el que se presenta a continuaci\u00f3n:&nbsp;<\/span><\/p>\n<p><span style=\"color: #000000;\"><a style=\"color: #000000;\" title=\"Convenci\u00f3n sobre los Derechos de las Personas con Discapacidad y su Protocolo Facultativo de las Naciones Unidas: 01\" href=\"http:\/\/es.wikisource.org\/wiki\/Convenci%C3%B3n_sobre_los_Derechos_de_las_Personas_con_Discapacidad_y_su_Protocolo_Facultativo_de_las_Naciones_Unidas:_01\">Pre\u00e1mbulo<\/a>.<\/span><\/p>\n<p><span style=\"color: #000000;\"><a style=\"color: #000000;\" title=\"Convenci\u00f3n sobre los Derechos de las Personas con Discapacidad y su Protocolo Facultativo de las Naciones Unidas: 02\" href=\"http:\/\/es.wikisource.org\/wiki\/Convenci%C3%B3n_sobre_los_Derechos_de_las_Personas_con_Discapacidad_y_su_Protocolo_Facultativo_de_las_Naciones_Unidas:_02\">Art\u00edculo 1. Prop\u00f3sito<\/a>.<\/span><\/p>\n<p><span style=\"color: #000000;\"><a style=\"color: #000000;\" title=\"Convenci\u00f3n sobre los Derechos de las Personas con Discapacidad y su Protocolo Facultativo de las Naciones Unidas: 03\" href=\"http:\/\/es.wikisource.org\/wiki\/Convenci%C3%B3n_sobre_los_Derechos_de_las_Personas_con_Discapacidad_y_su_Protocolo_Facultativo_de_las_Naciones_Unidas:_03\">Art\u00edculo 2. Definiciones<\/a>.<\/span><\/p>\n<p><span style=\"color: #000000;\"><a style=\"color: #000000;\" title=\"Convenci\u00f3n sobre los Derechos de las Personas con Discapacidad y su Protocolo Facultativo de las Naciones Unidas: 04\" href=\"http:\/\/es.wikisource.org\/wiki\/Convenci%C3%B3n_sobre_los_Derechos_de_las_Personas_con_Discapacidad_y_su_Protocolo_Facultativo_de_las_Naciones_Unidas:_04\">Art\u00edculo 3. Principios generales<\/a>.<\/span><\/p>\n<p><span style=\"color: #000000;\"><a style=\"color: #000000;\" title=\"Convenci\u00f3n sobre los Derechos de las Personas con Discapacidad y su Protocolo Facultativo de las Naciones Unidas: 05\" href=\"http:\/\/es.wikisource.org\/wiki\/Convenci%C3%B3n_sobre_los_Derechos_de_las_Personas_con_Discapacidad_y_su_Protocolo_Facultativo_de_las_Naciones_Unidas:_05\">Art\u00edculo 4. Obligaciones generales<\/a>.<\/span><\/p>\n<p><span style=\"color: #000000;\"><a style=\"color: #000000;\" title=\"Convenci\u00f3n sobre los Derechos de las Personas con Discapacidad y su Protocolo Facultativo de las Naciones Unidas: 06\" href=\"http:\/\/es.wikisource.org\/wiki\/Convenci%C3%B3n_sobre_los_Derechos_de_las_Personas_con_Discapacidad_y_su_Protocolo_Facultativo_de_las_Naciones_Unidas:_06\">Art\u00edculo 5. Igualdad y no discriminaci\u00f3n<\/a>.<\/span><\/p>\n<p><span style=\"color: #000000;\"><a style=\"color: #000000;\" title=\"Convenci\u00f3n sobre los Derechos de las Personas con Discapacidad y su Protocolo Facultativo de las Naciones Unidas: 07\" href=\"http:\/\/es.wikisource.org\/wiki\/Convenci%C3%B3n_sobre_los_Derechos_de_las_Personas_con_Discapacidad_y_su_Protocolo_Facultativo_de_las_Naciones_Unidas:_07\">Art\u00edculo 6. Mujeres con discapacidad<\/a>.<\/span><\/p>\n<p><span style=\"color: #000000;\"><a style=\"color: #000000;\" title=\"Convenci\u00f3n sobre los Derechos de las Personas con Discapacidad y su Protocolo Facultativo de las Naciones Unidas: 08\" href=\"http:\/\/es.wikisource.org\/wiki\/Convenci%C3%B3n_sobre_los_Derechos_de_las_Personas_con_Discapacidad_y_su_Protocolo_Facultativo_de_las_Naciones_Unidas:_08\">Art\u00edculo 7. Ni\u00f1os y ni\u00f1as con discapacidad<\/a>.<\/span><\/p>\n<p><span style=\"color: #000000;\"><a style=\"color: #000000;\" title=\"Convenci\u00f3n sobre los Derechos de las Personas con Discapacidad y su Protocolo Facultativo de las Naciones Unidas: 09\" href=\"http:\/\/es.wikisource.org\/wiki\/Convenci%C3%B3n_sobre_los_Derechos_de_las_Personas_con_Discapacidad_y_su_Protocolo_Facultativo_de_las_Naciones_Unidas:_09\">Art\u00edculo 8. Toma de conciencia<\/a>.<\/span><\/p>\n<p><span style=\"color: #000000;\"><a style=\"color: #000000;\" title=\"Convenci\u00f3n sobre los Derechos de las Personas con Discapacidad y su Protocolo Facultativo de las Naciones Unidas: 10\" href=\"http:\/\/es.wikisource.org\/wiki\/Convenci%C3%B3n_sobre_los_Derechos_de_las_Personas_con_Discapacidad_y_su_Protocolo_Facultativo_de_las_Naciones_Unidas:_10\">Art\u00edculo 9. Accesibilidad<\/a>.<\/span><\/p>\n<p><span style=\"color: #000000;\"><a style=\"color: #000000;\" title=\"Convenci\u00f3n sobre los Derechos de las Personas con Discapacidad y su Protocolo Facultativo de las Naciones Unidas: 11\" href=\"http:\/\/es.wikisource.org\/wiki\/Convenci%C3%B3n_sobre_los_Derechos_de_las_Personas_con_Discapacidad_y_su_Protocolo_Facultativo_de_las_Naciones_Unidas:_11\">Art\u00edculo 10. Derecho a la vida<\/a>.<\/span><\/p>\n<p><span style=\"color: #000000;\"><a style=\"color: #000000;\" title=\"Convenci\u00f3n sobre los Derechos de las Personas con Discapacidad y su Protocolo Facultativo de las Naciones Unidas: 12\" href=\"http:\/\/es.wikisource.org\/wiki\/Convenci%C3%B3n_sobre_los_Derechos_de_las_Personas_con_Discapacidad_y_su_Protocolo_Facultativo_de_las_Naciones_Unidas:_12\">Art\u00edculo 11. Situaciones de riesgo y emergencias humanitarias<\/a>.<\/span><\/p>\n<p><span style=\"color: #000000;\"><a style=\"color: #000000;\" title=\"Convenci\u00f3n sobre los Derechos de las Personas con Discapacidad y su Protocolo Facultativo de las Naciones Unidas: 13\" href=\"http:\/\/es.wikisource.org\/wiki\/Convenci%C3%B3n_sobre_los_Derechos_de_las_Personas_con_Discapacidad_y_su_Protocolo_Facultativo_de_las_Naciones_Unidas:_13\">Art\u00edculo 12. Igual reconocimiento como persona ante la ley<\/a>.<\/span><\/p>\n<p><span style=\"color: #000000;\"><a style=\"color: #000000;\" title=\"Convenci\u00f3n sobre los Derechos de las Personas con Discapacidad y su Protocolo Facultativo de las Naciones Unidas: 14\" href=\"http:\/\/es.wikisource.org\/wiki\/Convenci%C3%B3n_sobre_los_Derechos_de_las_Personas_con_Discapacidad_y_su_Protocolo_Facultativo_de_las_Naciones_Unidas:_14\">Art\u00edculo 13. Acceso a la justicia<\/a>.<\/span><\/p>\n<p><span style=\"color: #000000;\"><a style=\"color: #000000;\" title=\"Convenci\u00f3n sobre los Derechos de las Personas con Discapacidad y su Protocolo Facultativo de las Naciones Unidas: 15\" href=\"http:\/\/es.wikisource.org\/wiki\/Convenci%C3%B3n_sobre_los_Derechos_de_las_Personas_con_Discapacidad_y_su_Protocolo_Facultativo_de_las_Naciones_Unidas:_15\">Art\u00edculo 14. Libertad y seguridad de la persona<\/a>.<\/span><\/p>\n<p><span style=\"color: #000000;\"><a style=\"color: #000000;\" title=\"Convenci\u00f3n sobre los Derechos de las Personas con Discapacidad y su Protocolo Facultativo de las Naciones Unidas: 16\" href=\"http:\/\/es.wikisource.org\/wiki\/Convenci%C3%B3n_sobre_los_Derechos_de_las_Personas_con_Discapacidad_y_su_Protocolo_Facultativo_de_las_Naciones_Unidas:_16\">Art\u00edculo 15. Protecci\u00f3n contra la tortura y otros tratos o penas crueles, inhumanos o degradantes<\/a>.<\/span><\/p>\n<p><span style=\"color: #000000;\"><a style=\"color: #000000;\" title=\"Convenci\u00f3n sobre los Derechos de las Personas con Discapacidad y su Protocolo Facultativo de las Naciones Unidas: 17\" href=\"http:\/\/es.wikisource.org\/wiki\/Convenci%C3%B3n_sobre_los_Derechos_de_las_Personas_con_Discapacidad_y_su_Protocolo_Facultativo_de_las_Naciones_Unidas:_17\">Art\u00edculo 16. Protecci\u00f3n contra la explotaci\u00f3n, la violencia y el abuso<\/a>.<\/span><\/p>\n<p><span style=\"color: #000000;\"><a style=\"color: #000000;\" title=\"Convenci\u00f3n sobre los Derechos de las Personas con Discapacidad y su Protocolo Facultativo de las Naciones Unidas: 18\" href=\"http:\/\/es.wikisource.org\/wiki\/Convenci%C3%B3n_sobre_los_Derechos_de_las_Personas_con_Discapacidad_y_su_Protocolo_Facultativo_de_las_Naciones_Unidas:_18\">Art\u00edculo 17. Protecci\u00f3n de la integridad personal<\/a>.<\/span><\/p>\n<p><span style=\"color: #000000;\"><a style=\"color: #000000;\" title=\"Convenci\u00f3n sobre los Derechos de las Personas con Discapacidad y su Protocolo Facultativo de las Naciones Unidas: 19\" href=\"http:\/\/es.wikisource.org\/wiki\/Convenci%C3%B3n_sobre_los_Derechos_de_las_Personas_con_Discapacidad_y_su_Protocolo_Facultativo_de_las_Naciones_Unidas:_19\">Art\u00edculo 18. Libertad de desplazamiento y nacionalidad<\/a>.<\/span><\/p>\n<p><span style=\"color: #000000;\"><a style=\"color: #000000;\" title=\"Convenci\u00f3n sobre los Derechos de las Personas con Discapacidad y su Protocolo Facultativo de las Naciones Unidas: 20\" href=\"http:\/\/es.wikisource.org\/wiki\/Convenci%C3%B3n_sobre_los_Derechos_de_las_Personas_con_Discapacidad_y_su_Protocolo_Facultativo_de_las_Naciones_Unidas:_20\">Art\u00edculo 19. Derecho a vivir de forma independiente y a ser incluido en la comunidad<\/a>.<\/span><\/p>\n<p><span style=\"color: #000000;\"><a style=\"color: #000000;\" title=\"Convenci\u00f3n sobre los Derechos de las Personas con Discapacidad y su Protocolo Facultativo de las Naciones Unidas: 21\" href=\"http:\/\/es.wikisource.org\/wiki\/Convenci%C3%B3n_sobre_los_Derechos_de_las_Personas_con_Discapacidad_y_su_Protocolo_Facultativo_de_las_Naciones_Unidas:_21\">Art\u00edculo 20. Movilidad personal<\/a>.<\/span><\/p>\n<p><span style=\"color: #000000;\"><a style=\"color: #000000;\" title=\"Convenci\u00f3n sobre los Derechos de las Personas con Discapacidad y su Protocolo Facultativo de las Naciones Unidas: 22\" href=\"http:\/\/es.wikisource.org\/wiki\/Convenci%C3%B3n_sobre_los_Derechos_de_las_Personas_con_Discapacidad_y_su_Protocolo_Facultativo_de_las_Naciones_Unidas:_22\">Art\u00edculo 21. Libertad de expresi\u00f3n y de opini\u00f3n y acceso a la informaci\u00f3n<\/a>.<\/span><\/p>\n<p><span style=\"color: #000000;\">[<a style=\"color: #000000;\" title=\"Convenci\u00f3n sobre los Derechos de las Personas con Discapacidad y su Protocolo Facultativo de las Naciones Unidas: 23\" href=\"http:\/\/es.wikisource.org\/wiki\/Convenci%C3%B3n_sobre_los_Derechos_de_las_Personas_con_Discapacidad_y_su_Protocolo_Facultativo_de_las_Naciones_Unidas:_23\">Art\u00edculo 22. Respeto de la privacidad<\/a>.<\/span><\/p>\n<p><span style=\"color: #000000;\"><a style=\"color: #000000;\" title=\"Convenci\u00f3n sobre los Derechos de las Personas con Discapacidad y su Protocolo Facultativo de las Naciones Unidas: 24\" href=\"http:\/\/es.wikisource.org\/wiki\/Convenci%C3%B3n_sobre_los_Derechos_de_las_Personas_con_Discapacidad_y_su_Protocolo_Facultativo_de_las_Naciones_Unidas:_24\">Art\u00edculo 23. Respeto del hogar y de la familia<\/a>.<\/span><\/p>\n<p><span style=\"color: #000000;\"><a style=\"color: #000000;\" title=\"Convenci\u00f3n sobre los Derechos de las Personas con Discapacidad y su Protocolo Facultativo de las Naciones Unidas: 25\" href=\"http:\/\/es.wikisource.org\/wiki\/Convenci%C3%B3n_sobre_los_Derechos_de_las_Personas_con_Discapacidad_y_su_Protocolo_Facultativo_de_las_Naciones_Unidas:_25\">Art\u00edculo 24. Educaci\u00f3n<\/a>.<\/span><\/p>\n<p><span style=\"color: #000000;\"><a style=\"color: #000000;\" title=\"Convenci\u00f3n sobre los Derechos de las Personas con Discapacidad y su Protocolo Facultativo de las Naciones Unidas: 26\" href=\"http:\/\/es.wikisource.org\/wiki\/Convenci%C3%B3n_sobre_los_Derechos_de_las_Personas_con_Discapacidad_y_su_Protocolo_Facultativo_de_las_Naciones_Unidas:_26\">Art\u00edculo 25. Salud<\/a>.<\/span><\/p>\n<p><span style=\"color: #000000;\"><a style=\"color: #000000;\" title=\"Convenci\u00f3n sobre los Derechos de las Personas con Discapacidad y su Protocolo Facultativo de las Naciones Unidas: 27\" href=\"http:\/\/es.wikisource.org\/wiki\/Convenci%C3%B3n_sobre_los_Derechos_de_las_Personas_con_Discapacidad_y_su_Protocolo_Facultativo_de_las_Naciones_Unidas:_27\">Art\u00edculo 26. Habilitaci\u00f3n y rehabilitaci\u00f3n<\/a>.<\/span><\/p>\n<p><span style=\"color: #000000;\"><a style=\"color: #000000;\" title=\"Convenci\u00f3n sobre los Derechos de las Personas con Discapacidad y su Protocolo Facultativo de las Naciones Unidas: 28\" href=\"http:\/\/es.wikisource.org\/wiki\/Convenci%C3%B3n_sobre_los_Derechos_de_las_Personas_con_Discapacidad_y_su_Protocolo_Facultativo_de_las_Naciones_Unidas:_28\">Art\u00edculo 27. Trabajo y empleo<\/a>.<\/span><\/p>\n<p><span style=\"color: #000000;\"><a style=\"color: #000000;\" title=\"Convenci\u00f3n sobre los Derechos de las Personas con Discapacidad y su Protocolo Facultativo de las Naciones Unidas: 29\" href=\"http:\/\/es.wikisource.org\/wiki\/Convenci%C3%B3n_sobre_los_Derechos_de_las_Personas_con_Discapacidad_y_su_Protocolo_Facultativo_de_las_Naciones_Unidas:_29\">Art\u00edculo 28. Nivel de vida adecuado y protecci\u00f3n social<\/a>.<\/span><\/p>\n<p><span style=\"color: #000000;\"><a style=\"color: #000000;\" title=\"Convenci\u00f3n sobre los Derechos de las Personas con Discapacidad y su Protocolo Facultativo de las Naciones Unidas: 30\" href=\"http:\/\/es.wikisource.org\/wiki\/Convenci%C3%B3n_sobre_los_Derechos_de_las_Personas_con_Discapacidad_y_su_Protocolo_Facultativo_de_las_Naciones_Unidas:_30\">Art\u00edculo 29. Participaci\u00f3n en la vida pol\u00edtica y p\u00fablica<\/a>.<\/span><\/p>\n<p><span style=\"color: #000000;\"><a style=\"color: #000000;\" title=\"Convenci\u00f3n sobre los Derechos de las Personas con Discapacidad y su Protocolo Facultativo de las Naciones Unidas: 31\" href=\"http:\/\/es.wikisource.org\/wiki\/Convenci%C3%B3n_sobre_los_Derechos_de_las_Personas_con_Discapacidad_y_su_Protocolo_Facultativo_de_las_Naciones_Unidas:_31\">Art\u00edculo 30. Participaci\u00f3n en la vida cultural, las actividades recreativas, el esparcimiento y el deporte<\/a>.<\/span><\/p>\n<p><span style=\"color: #000000;\"><a style=\"color: #000000;\" title=\"Convenci\u00f3n sobre los Derechos de las Personas con Discapacidad y su Protocolo Facultativo de las Naciones Unidas: 32\" href=\"http:\/\/es.wikisource.org\/wiki\/Convenci%C3%B3n_sobre_los_Derechos_de_las_Personas_con_Discapacidad_y_su_Protocolo_Facultativo_de_las_Naciones_Unidas:_32\">Art\u00edculo 31. Recopilaci\u00f3n de datos y estad\u00edsticas<\/a>.<\/span><\/p>\n<p><span style=\"color: #000000;\"><a style=\"color: #000000;\" title=\"Convenci\u00f3n sobre los Derechos de las Personas con Discapacidad y su Protocolo Facultativo de las Naciones Unidas: 33\" href=\"http:\/\/es.wikisource.org\/wiki\/Convenci%C3%B3n_sobre_los_Derechos_de_las_Personas_con_Discapacidad_y_su_Protocolo_Facultativo_de_las_Naciones_Unidas:_33\">Art\u00edculo 32. Cooperaci\u00f3n internacional<\/a>.<\/span><\/p>\n<p><span style=\"color: #000000;\"><a style=\"color: #000000;\" title=\"Convenci\u00f3n sobre los Derechos de las Personas con Discapacidad y su Protocolo Facultativo de las Naciones Unidas: 34\" href=\"http:\/\/es.wikisource.org\/wiki\/Convenci%C3%B3n_sobre_los_Derechos_de_las_Personas_con_Discapacidad_y_su_Protocolo_Facultativo_de_las_Naciones_Unidas:_34\">Art\u00edculo 33. Aplicaci\u00f3n y seguimiento nacionales<\/a>.<\/span><\/p>\n<p><span style=\"color: #000000;\"><a style=\"color: #000000;\" title=\"Convenci\u00f3n sobre los Derechos de las Personas con Discapacidad y su Protocolo Facultativo de las Naciones Unidas: 35\" href=\"http:\/\/es.wikisource.org\/wiki\/Convenci%C3%B3n_sobre_los_Derechos_de_las_Personas_con_Discapacidad_y_su_Protocolo_Facultativo_de_las_Naciones_Unidas:_35\">Art\u00edculo 34. Comit\u00e9 sobre los derechos de las personas con discapacidad<\/a>.<\/span><\/p>\n<p><span style=\"color: #000000;\"><a style=\"color: #000000;\" title=\"Convenci\u00f3n sobre los Derechos de las Personas con Discapacidad y su Protocolo Facultativo de las Naciones Unidas: 36\" href=\"http:\/\/es.wikisource.org\/wiki\/Convenci%C3%B3n_sobre_los_Derechos_de_las_Personas_con_Discapacidad_y_su_Protocolo_Facultativo_de_las_Naciones_Unidas:_36\">Art\u00edculo 35. Informes presentados por los Estados Partes<\/a>.<\/span><\/p>\n<p><span style=\"color: #000000;\"><a style=\"color: #000000;\" title=\"Convenci\u00f3n sobre los Derechos de las Personas con Discapacidad y su Protocolo Facultativo de las Naciones Unidas: 37\" href=\"http:\/\/es.wikisource.org\/wiki\/Convenci%C3%B3n_sobre_los_Derechos_de_las_Personas_con_Discapacidad_y_su_Protocolo_Facultativo_de_las_Naciones_Unidas:_37\">Art\u00edculo 36. Consideraci\u00f3n de los informes<\/a>.<\/span><\/p>\n<p><span style=\"color: #000000;\"><a style=\"color: #000000;\" title=\"Convenci\u00f3n sobre los Derechos de las Personas con Discapacidad y su Protocolo Facultativo de las Naciones Unidas: 38\" href=\"http:\/\/es.wikisource.org\/wiki\/Convenci%C3%B3n_sobre_los_Derechos_de_las_Personas_con_Discapacidad_y_su_Protocolo_Facultativo_de_las_Naciones_Unidas:_38\">Art\u00edculo 37. Cooperaci\u00f3n entre los Estados Partes y el Comit\u00e9<\/a>.<\/span><\/p>\n<p><span style=\"color: #000000;\"><a style=\"color: #000000;\" title=\"Convenci\u00f3n sobre los Derechos de las Personas con Discapacidad y su Protocolo Facultativo de las Naciones Unidas: 39\" href=\"http:\/\/es.wikisource.org\/wiki\/Convenci%C3%B3n_sobre_los_Derechos_de_las_Personas_con_Discapacidad_y_su_Protocolo_Facultativo_de_las_Naciones_Unidas:_39\">Art\u00edculo 38. Relaci\u00f3n del Comit\u00e9 con otros \u00f3rganos<\/a>.<\/span><\/p>\n<p><span style=\"color: #000000;\"><a style=\"color: #000000;\" title=\"Convenci\u00f3n sobre los Derechos de las Personas con Discapacidad y su Protocolo Facultativo de las Naciones Unidas: 40\" href=\"http:\/\/es.wikisource.org\/wiki\/Convenci%C3%B3n_sobre_los_Derechos_de_las_Personas_con_Discapacidad_y_su_Protocolo_Facultativo_de_las_Naciones_Unidas:_40\">Art\u00edculo 39. Informe del Comit\u00e9<\/a>.<\/span><\/p>\n<p><span style=\"color: #000000;\"><a style=\"color: #000000;\" title=\"Convenci\u00f3n sobre los Derechos de las Personas con Discapacidad y su Protocolo Facultativo de las Naciones Unidas: 41\" href=\"http:\/\/es.wikisource.org\/wiki\/Convenci%C3%B3n_sobre_los_Derechos_de_las_Personas_con_Discapacidad_y_su_Protocolo_Facultativo_de_las_Naciones_Unidas:_41\">Art\u00edculo 40. Conferencia de los Estados Partes<\/a>.<\/span><\/p>\n<p><span style=\"color: #000000;\"><a style=\"color: #000000;\" title=\"Convenci\u00f3n sobre los Derechos de las Personas con Discapacidad y su Protocolo Facultativo de las Naciones Unidas: 42\" href=\"http:\/\/es.wikisource.org\/wiki\/Convenci%C3%B3n_sobre_los_Derechos_de_las_Personas_con_Discapacidad_y_su_Protocolo_Facultativo_de_las_Naciones_Unidas:_42\">Art\u00edculo 41. Depositario<\/a>.<\/span><\/p>\n<p><span style=\"color: #000000;\"><a style=\"color: #000000;\" title=\"Convenci\u00f3n sobre los Derechos de las Personas con Discapacidad y su Protocolo Facultativo de las Naciones Unidas: 43\" href=\"http:\/\/es.wikisource.org\/wiki\/Convenci%C3%B3n_sobre_los_Derechos_de_las_Personas_con_Discapacidad_y_su_Protocolo_Facultativo_de_las_Naciones_Unidas:_43\">Art\u00edculo 42. Firma<\/a>.<\/span><\/p>\n<p><span style=\"color: #000000;\"><a style=\"color: #000000;\" title=\"Convenci\u00f3n sobre los Derechos de las Personas con Discapacidad y su Protocolo Facultativo de las Naciones Unidas: 44\" href=\"http:\/\/es.wikisource.org\/wiki\/Convenci%C3%B3n_sobre_los_Derechos_de_las_Personas_con_Discapacidad_y_su_Protocolo_Facultativo_de_las_Naciones_Unidas:_44\">Art\u00edculo 43. Consentimiento en obligarse<\/a>.<\/span><\/p>\n<p><span style=\"color: #000000;\"><a style=\"color: #000000;\" title=\"Convenci\u00f3n sobre los Derechos de las Personas con Discapacidad y su Protocolo Facultativo de las Naciones Unidas: 45\" href=\"http:\/\/es.wikisource.org\/wiki\/Convenci%C3%B3n_sobre_los_Derechos_de_las_Personas_con_Discapacidad_y_su_Protocolo_Facultativo_de_las_Naciones_Unidas:_45\">Art\u00edculo 44. Organizaciones regionales de integraci\u00f3n<\/a>.<\/span><\/p>\n<p><span style=\"color: #000000;\"><a style=\"color: #000000;\" title=\"Convenci\u00f3n sobre los Derechos de las Personas con Discapacidad y su Protocolo Facultativo de las Naciones Unidas: 46\" href=\"http:\/\/es.wikisource.org\/wiki\/Convenci%C3%B3n_sobre_los_Derechos_de_las_Personas_con_Discapacidad_y_su_Protocolo_Facultativo_de_las_Naciones_Unidas:_46\">Art\u00edculo 45. Entrada en vigor<\/a>.<\/span><\/p>\n<p><span style=\"color: #000000;\"><a style=\"color: #000000;\" title=\"Convenci\u00f3n sobre los Derechos de las Personas con Discapacidad y su Protocolo Facultativo de las Naciones Unidas: 47\" href=\"http:\/\/es.wikisource.org\/wiki\/Convenci%C3%B3n_sobre_los_Derechos_de_las_Personas_con_Discapacidad_y_su_Protocolo_Facultativo_de_las_Naciones_Unidas:_47\">Art\u00edculo 46. Reservas<\/a>.<\/span><\/p>\n<p><span style=\"color: #000000;\"><a style=\"color: #000000;\" title=\"Convenci\u00f3n sobre los Derechos de las Personas con Discapacidad y su Protocolo Facultativo de las Naciones Unidas: 48\" href=\"http:\/\/es.wikisource.org\/wiki\/Convenci%C3%B3n_sobre_los_Derechos_de_las_Personas_con_Discapacidad_y_su_Protocolo_Facultativo_de_las_Naciones_Unidas:_48\">Art\u00edculo 47. Enmiendas<\/a>.<\/span><\/p>\n<p><span style=\"color: #000000;\"><a style=\"color: #000000;\" title=\"Convenci\u00f3n sobre los Derechos de las Personas con Discapacidad y su Protocolo Facultativo de las Naciones Unidas: 49\" href=\"http:\/\/es.wikisource.org\/wiki\/Convenci%C3%B3n_sobre_los_Derechos_de_las_Personas_con_Discapacidad_y_su_Protocolo_Facultativo_de_las_Naciones_Unidas:_49\">Art\u00edculo 48. Denuncia<\/a>.<\/span><\/p>\n<p><span style=\"color: #000000;\"><a style=\"color: #000000;\" title=\"Convenci\u00f3n sobre los Derechos de las Personas con Discapacidad y su Protocolo Facultativo de las Naciones Unidas: 50\" href=\"http:\/\/es.wikisource.org\/wiki\/Convenci%C3%B3n_sobre_los_Derechos_de_las_Personas_con_Discapacidad_y_su_Protocolo_Facultativo_de_las_Naciones_Unidas:_50\">Art\u00edculo 49. Formato accesible<\/a>.<\/span><\/p>\n<p><iframe loading=\"lazy\" title=\"ONG busca apoyar a personas en silla de ruedas\" width=\"584\" height=\"438\" src=\"https:\/\/www.youtube.com\/embed\/HQK4jJ7INp4?start=23&#038;feature=oembed\" frameborder=\"0\" allow=\"accelerometer; autoplay; clipboard-write; encrypted-media; gyroscope; picture-in-picture; web-share\" referrerpolicy=\"strict-origin-when-cross-origin\" allowfullscreen><\/iframe><\/p>\n","protected":false},"excerpt":{"rendered":"<p>Resoluci\u00f3n aprobada por la Asamblea General de Naciones Unidas 61\/106. Convenci\u00f3n sobre los derechos de las personas con discapacidad. Nueva York, 13 de diciembre de 2006 El contenido textual de los treinta primeros art\u00edculos a que se refieren las responsabilidades que hemos incluido en este sitio web y del resto<a href=\"http:\/\/vidaindependientemexico.com\/?page_id=239\" class=\"read-more\">Read More<\/a><\/p>\n","protected":false},"author":3,"featured_media":3837,"parent":0,"menu_order":0,"comment_status":"closed","ping_status":"closed","template":"","meta":{"ngg_post_thumbnail":0,"footnotes":""},"class_list":["post-239","page","type-page","status-publish","has-post-thumbnail","hentry"],"_links":{"self":[{"href":"http:\/\/vidaindependientemexico.com\/index.php?rest_route=\/wp\/v2\/pages\/239"}],"collection":[{"href":"http:\/\/vidaindependientemexico.com\/index.php?rest_route=\/wp\/v2\/pages"}],"about":[{"href":"http:\/\/vidaindependientemexico.com\/index.php?rest_route=\/wp\/v2\/types\/page"}],"author":[{"embeddable":true,"href":"http:\/\/vidaindependientemexico.com\/index.php?rest_route=\/wp\/v2\/users\/3"}],"replies":[{"embeddable":true,"href":"http:\/\/vidaindependientemexico.com\/index.php?rest_route=%2Fwp%2Fv2%2Fcomments&post=239"}],"version-history":[{"count":9,"href":"http:\/\/vidaindependientemexico.com\/index.php?rest_route=\/wp\/v2\/pages\/239\/revisions"}],"predecessor-version":[{"id":4320,"href":"http:\/\/vidaindependientemexico.com\/index.php?rest_route=\/wp\/v2\/pages\/239\/revisions\/4320"}],"wp:featuredmedia":[{"embeddable":true,"href":"http:\/\/vidaindependientemexico.com\/index.php?rest_route=\/wp\/v2\/media\/3837"}],"wp:attachment":[{"href":"http:\/\/vidaindependientemexico.com\/index.php?rest_route=%2Fwp%2Fv2%2Fmedia&parent=239"}],"curies":[{"name":"wp","href":"https:\/\/api.w.org\/{rel}","templated":true}]}}