{"id":288,"date":"2012-01-10T00:07:44","date_gmt":"2012-01-10T00:07:44","guid":{"rendered":"http:\/\/vidaindependientemexico.com\/?page_id=288"},"modified":"2019-01-03T02:34:42","modified_gmt":"2019-01-03T02:34:42","slug":"promocion-de-participacion-social-vim-en-las-osc","status":"publish","type":"page","link":"http:\/\/vidaindependientemexico.com\/?page_id=288","title":{"rendered":"Promoci\u00f3n de participaci\u00f3n social  (VIM en las OSC)"},"content":{"rendered":"<p style=\"text-align: justify;\"><img loading=\"lazy\" decoding=\"async\" class=\"aligncenter wp-image-892 size-full\" title=\"actividades-promo-con-social1\" src=\"http:\/\/vidaindependientemexico.com\/wp-content\/uploads\/2012\/01\/actividades-promo-con-social1.jpg\" alt=\"\" width=\"756\" height=\"567\" srcset=\"http:\/\/vidaindependientemexico.com\/wp-content\/uploads\/2012\/01\/actividades-promo-con-social1.jpg 756w, http:\/\/vidaindependientemexico.com\/wp-content\/uploads\/2012\/01\/actividades-promo-con-social1-300x225.jpg 300w\" sizes=\"(max-width: 756px) 100vw, 756px\" \/><strong><span style=\"color: #000000;\">Medio mill\u00f3n de PCD rehabilitadas para una vida independiente m\u00e1s un mill\u00f3n y medio de ciudadanos liberados, suman dos millones de personas dispuestas y motivadas a participar activamente en la vida p\u00fablica y social: en actividades c\u00edvicas, culturales y deportivas, que enriquecer\u00e1n sin duda el tejido social y la vida democr\u00e1tica del pa\u00eds.<\/span><\/strong><\/p>\n<hr>\n<p><img loading=\"lazy\" decoding=\"async\" class=\"aligncenter wp-image-3751 size-full\" src=\"http:\/\/vidaindependientemexico.com\/wp-content\/uploads\/2019\/01\/asc-1.jpg\" alt=\"\" width=\"960\" height=\"720\" srcset=\"http:\/\/vidaindependientemexico.com\/wp-content\/uploads\/2019\/01\/asc-1.jpg 960w, http:\/\/vidaindependientemexico.com\/wp-content\/uploads\/2019\/01\/asc-1-300x225.jpg 300w, http:\/\/vidaindependientemexico.com\/wp-content\/uploads\/2019\/01\/asc-1-768x576.jpg 768w\" sizes=\"(max-width: 960px) 100vw, 960px\" \/><\/p>\n<hr>\n<p><img loading=\"lazy\" decoding=\"async\" class=\"aligncenter wp-image-894 size-full\" title=\"actividades-promo-con-social3\" src=\"http:\/\/vidaindependientemexico.com\/wp-content\/uploads\/2012\/01\/actividades-promo-con-social3.jpg\" alt=\"\" width=\"756\" height=\"567\" srcset=\"http:\/\/vidaindependientemexico.com\/wp-content\/uploads\/2012\/01\/actividades-promo-con-social3.jpg 756w, http:\/\/vidaindependientemexico.com\/wp-content\/uploads\/2012\/01\/actividades-promo-con-social3-300x225.jpg 300w\" sizes=\"(max-width: 756px) 100vw, 756px\" \/><\/p>\n<hr>\n<p><img loading=\"lazy\" decoding=\"async\" class=\"aligncenter wp-image-3752 size-full\" src=\"http:\/\/vidaindependientemexico.com\/wp-content\/uploads\/2019\/01\/40444595_1854398884596962_3420030089268559872_n.jpg\" alt=\"\" width=\"960\" height=\"720\"><\/p>\n<hr>\n<p><img loading=\"lazy\" decoding=\"async\" class=\"aligncenter wp-image-896 size-full\" title=\"actividades-promo-con-social5\" src=\"http:\/\/vidaindependientemexico.com\/wp-content\/uploads\/2012\/01\/actividades-promo-con-social5.jpg\" alt=\"\" width=\"756\" height=\"567\" srcset=\"http:\/\/vidaindependientemexico.com\/wp-content\/uploads\/2012\/01\/actividades-promo-con-social5.jpg 756w, http:\/\/vidaindependientemexico.com\/wp-content\/uploads\/2012\/01\/actividades-promo-con-social5-300x225.jpg 300w\" sizes=\"(max-width: 756px) 100vw, 756px\" \/><\/p>\n<hr>\n<p><img loading=\"lazy\" decoding=\"async\" class=\"aligncenter wp-image-3753 size-full\" src=\"http:\/\/vidaindependientemexico.com\/wp-content\/uploads\/2019\/01\/123.jpg\" alt=\"\" width=\"960\" height=\"466\" srcset=\"http:\/\/vidaindependientemexico.com\/wp-content\/uploads\/2019\/01\/123.jpg 960w, http:\/\/vidaindependientemexico.com\/wp-content\/uploads\/2019\/01\/123-300x146.jpg 300w, http:\/\/vidaindependientemexico.com\/wp-content\/uploads\/2019\/01\/123-768x373.jpg 768w\" sizes=\"(max-width: 960px) 100vw, 960px\" \/><\/p>\n<p>&nbsp;<\/p>\n","protected":false},"excerpt":{"rendered":"<p>Medio mill\u00f3n de PCD rehabilitadas para una vida independiente m\u00e1s un mill\u00f3n y medio de ciudadanos liberados, suman dos millones de personas dispuestas y motivadas a participar activamente en la vida p\u00fablica y social: en actividades c\u00edvicas, culturales y deportivas, que enriquecer\u00e1n sin duda el tejido social y la vida<a href=\"http:\/\/vidaindependientemexico.com\/?page_id=288\" class=\"read-more\">Read More<\/a><\/p>\n","protected":false},"author":3,"featured_media":3268,"parent":281,"menu_order":0,"comment_status":"closed","ping_status":"open","template":"","meta":{"ngg_post_thumbnail":0,"footnotes":""},"class_list":["post-288","page","type-page","status-publish","has-post-thumbnail","hentry"],"_links":{"self":[{"href":"http:\/\/vidaindependientemexico.com\/index.php?rest_route=\/wp\/v2\/pages\/288"}],"collection":[{"href":"http:\/\/vidaindependientemexico.com\/index.php?rest_route=\/wp\/v2\/pages"}],"about":[{"href":"http:\/\/vidaindependientemexico.com\/index.php?rest_route=\/wp\/v2\/types\/page"}],"author":[{"embeddable":true,"href":"http:\/\/vidaindependientemexico.com\/index.php?rest_route=\/wp\/v2\/users\/3"}],"replies":[{"embeddable":true,"href":"http:\/\/vidaindependientemexico.com\/index.php?rest_route=%2Fwp%2Fv2%2Fcomments&post=288"}],"version-history":[{"count":8,"href":"http:\/\/vidaindependientemexico.com\/index.php?rest_route=\/wp\/v2\/pages\/288\/revisions"}],"predecessor-version":[{"id":3754,"href":"http:\/\/vidaindependientemexico.com\/index.php?rest_route=\/wp\/v2\/pages\/288\/revisions\/3754"}],"up":[{"embeddable":true,"href":"http:\/\/vidaindependientemexico.com\/index.php?rest_route=\/wp\/v2\/pages\/281"}],"wp:featuredmedia":[{"embeddable":true,"href":"http:\/\/vidaindependientemexico.com\/index.php?rest_route=\/wp\/v2\/media\/3268"}],"wp:attachment":[{"href":"http:\/\/vidaindependientemexico.com\/index.php?rest_route=%2Fwp%2Fv2%2Fmedia&parent=288"}],"curies":[{"name":"wp","href":"https:\/\/api.w.org\/{rel}","templated":true}]}}