{"id":4813,"date":"2023-06-13T21:14:38","date_gmt":"2023-06-13T21:14:38","guid":{"rendered":"http:\/\/vidaindependientemexico.com\/?page_id=4813"},"modified":"2023-06-27T19:30:15","modified_gmt":"2023-06-27T19:30:15","slug":"politicas-vim","status":"publish","type":"page","link":"http:\/\/vidaindependientemexico.com\/?page_id=4813","title":{"rendered":"Pol\u00edtica anticorrupci\u00f3n VIM"},"content":{"rendered":"<p>&nbsp;<\/p>\n<div class=\"page\" title=\"Page 1\">\n<div class=\"layoutArea\">\n<div class=\"column\">\n<h2 style=\"text-align: center;\"><span style=\"font-size: 18pt;\"><strong>POL\u00cdTICA ANTICORRUPCI\u00d3N<\/strong><\/span><\/h2>\n<\/div>\n<\/div>\n<\/div>\n<div class=\"page\" title=\"Page 1\">\n<div class=\"layoutArea\">\n<div class=\"column\">\n<p style=\"text-align: justify;\">Vida Independiente M\u00e9xico tiene una pol\u00edtica de \u201cCero Tolerancia\u201d ante actos de corrupci\u00f3n y soborno de cualquier clase; por ello, hemos implementado procedimientos comprometidos con la erradicaci\u00f3n de estas pr\u00e1cticas, est\u00e1 prohibido participar en este tipo de actos a los trabajadores, colaboradores, voluntarios o terceros que act\u00faen para o en nombre de nuestra organizaci\u00f3n.<\/p>\n<p style=\"text-align: justify;\">Un acto de corrupci\u00f3n indica el uso o abuso de autoridad de una persona tomando ventaja de su puesto y los derechos y responsabilidades que se le han confiado, hacer uso de sus relaciones con funcionarios, abuso de poder, oportunidades, conexiones entre otros que pueden ser usados para un beneficio personal contrario a la ley y a los principios morales.<\/p>\n<p style=\"text-align: justify;\">Un soborno es el acto por el que una persona entrega recursos econ\u00f3micos (o alg\u00fan otro bien) como soborno, pago o comisi\u00f3n para conseguir ventajas indebidas como lograr que esa otra persona le haga un favor determinado o tener un trato favorable.<\/p>\n<p style=\"text-align: justify;\">Esta pol\u00edtica ratifica nuestro compromiso con el cumplimiento de las leyes y reglamentos tanto municipales, estatales, federales e internacionales y que son aplicables a la naturaleza de nuestros servicios, teniendo como prop\u00f3sito dar a conocer y capacitar a nuestros empleados, voluntarios, colaboradores y terceros para que sean capaces de identificar y denunciar cualquier conducta que pudiese ser considerada soborno o que pueda ser considerada corrupta.<\/p>\n<p>&nbsp;<\/p>\n<\/div>\n<div class=\"page\" title=\"Page 1\">\n<div class=\"layoutArea\">\n<div class=\"column\">\n<h3><strong>CONDUCTAS PROHIBIDAS<\/strong><\/h3>\n<div class=\"page\" title=\"Page 1\">\n<div class=\"layoutArea\">\n<div class=\"column\">\n<p style=\"text-align: justify;\">Los trabajadores, colaboradores, voluntarios y terceros que act\u00faen en nombre de la organizaci\u00f3n Vida Independiente M\u00e9xico tienen prohibido:<\/p>\n<\/div>\n<div class=\"page\" style=\"text-align: justify;\" title=\"Page 1\">\n<div class=\"layoutArea\">\n<div class=\"column\">\n<ul>\n<li>Recibir dinero o bienes materiales de los beneficiarios de la organizaci\u00f3n a fin de que puedan tener un trato preferencial.<\/li>\n<li>Utilizar el nombre de Vida Independiente M\u00e9xico para obtener beneficios personales.<\/li>\n<\/ul>\n<\/div>\n<\/div>\n<\/div>\n<div class=\"page\" style=\"text-align: justify;\" title=\"Page 2\">\n<div class=\"layoutArea\">\n<div class=\"column\">\n<ul>\n<li>Tener conductas indebidas como solicitar o recibir alguna gratificaci\u00f3n por parte de un Servidor P\u00fablico o Entidad Privada que pueda dar como resultado una ventaja aparente e indebida para la organizaci\u00f3n o para el propio colaborador.<\/li>\n<li>Ofrecer, dar o recibir cualquier tipo de ventaja, sea monetaria o no monetaria para llevar a cabo cualquier proyecto.<\/li>\n<li>Utilizar su puesto dentro de la organizaci\u00f3n para obtener ventajas desleales o abuso de poder.<\/li>\n<li>Recibir cualquier forma de pago il\u00edcito por un servicio gratuito que ofrezca la organizaci\u00f3n.<\/li>\n<li>Aceptar pagos, regalos o beneficios con el fin de agilizar alg\u00fan servicio de la Organizaci\u00f3n.<\/li>\n<li>Aceptar cualquier pago, regalo o beneficio que pueda comprometer su desempe\u00f1o&nbsp;imparcial y honesto.<\/li>\n<li>Estar envueltos en fraudes u otra conducta deshonesta que involucre los bienes, activos,registros financieros y la contabilidad de la organizaci\u00f3n.<\/li>\n<li>Recibir gratificaciones directa o indirectamente de Servidores P\u00fablicos o Entidades Privadas,&nbsp;con la intenci\u00f3n de participar en campa\u00f1as pol\u00edticas o ayudar a difundir alg\u00fan partido pol\u00edtico.<\/li>\n<\/ul>\n<\/div>\n<\/div>\n<\/div>\n<\/div>\n<\/div>\n<\/div>\n<\/div>\n<\/div>\n<\/div>\n<\/div>\n<p style=\"text-align: justify;\">En caso de alg\u00fan problema, incidencia o duda de interpretaci\u00f3n, los trabajadores, colaboradores, voluntarios y terceros deber\u00e1n apegarse a la pr\u00e1ctica m\u00e1s restrictiva a fin de evitar situaciones comprometedoras e inadecuadas, acudir a su superior o deber\u00e1 dirigir un correo a la mesa directiva de la organizaci\u00f3n al correo&nbsp;organizacion@vidaindependientemexico.org<\/p>\n<div class=\"page\" title=\"Page 2\">\n<div class=\"layoutArea\">\n<div class=\"column\">\n<p>QUEJAS<br \/>\n5541711220 organizacion@vidaindependientemexico.org<\/p>\n<\/div>\n<\/div>\n<\/div>\n","protected":false},"excerpt":{"rendered":"<p>&nbsp; POL\u00cdTICA ANTICORRUPCI\u00d3N Vida Independiente M\u00e9xico tiene una pol\u00edtica de \u201cCero Tolerancia\u201d ante actos de corrupci\u00f3n y soborno de cualquier clase; por ello, hemos implementado procedimientos comprometidos con la erradicaci\u00f3n de estas pr\u00e1cticas, est\u00e1 prohibido participar en este tipo de actos a los trabajadores, colaboradores, voluntarios o terceros que act\u00faen<a href=\"http:\/\/vidaindependientemexico.com\/?page_id=4813\" class=\"read-more\">Read More<\/a><\/p>\n","protected":false},"author":3,"featured_media":0,"parent":0,"menu_order":0,"comment_status":"closed","ping_status":"closed","template":"","meta":{"ngg_post_thumbnail":0,"footnotes":""},"class_list":["post-4813","page","type-page","status-publish","hentry"],"_links":{"self":[{"href":"http:\/\/vidaindependientemexico.com\/index.php?rest_route=\/wp\/v2\/pages\/4813"}],"collection":[{"href":"http:\/\/vidaindependientemexico.com\/index.php?rest_route=\/wp\/v2\/pages"}],"about":[{"href":"http:\/\/vidaindependientemexico.com\/index.php?rest_route=\/wp\/v2\/types\/page"}],"author":[{"embeddable":true,"href":"http:\/\/vidaindependientemexico.com\/index.php?rest_route=\/wp\/v2\/users\/3"}],"replies":[{"embeddable":true,"href":"http:\/\/vidaindependientemexico.com\/index.php?rest_route=%2Fwp%2Fv2%2Fcomments&post=4813"}],"version-history":[{"count":8,"href":"http:\/\/vidaindependientemexico.com\/index.php?rest_route=\/wp\/v2\/pages\/4813\/revisions"}],"predecessor-version":[{"id":4840,"href":"http:\/\/vidaindependientemexico.com\/index.php?rest_route=\/wp\/v2\/pages\/4813\/revisions\/4840"}],"wp:attachment":[{"href":"http:\/\/vidaindependientemexico.com\/index.php?rest_route=%2Fwp%2Fv2%2Fmedia&parent=4813"}],"curies":[{"name":"wp","href":"https:\/\/api.w.org\/{rel}","templated":true}]}}