{"id":179,"date":"2012-01-09T22:09:13","date_gmt":"2012-01-09T22:09:13","guid":{"rendered":"http:\/\/vidaindependientemexico.com\/?page_id=179"},"modified":"2020-09-30T03:49:07","modified_gmt":"2020-09-30T03:49:07","slug":"escuelas-de-integracion","status":"publish","type":"page","link":"https:\/\/vidaindependientemexico.com\/?page_id=179","title":{"rendered":"Capacitaciones y donaci\u00f3n"},"content":{"rendered":"<p style=\"text-align: justify;\"><span style=\"color: #000000;\"><strong>Las capacitaciones para la Vida Independiente M\u00e9xico son ambientes de inclusi\u00f3n, dise\u00f1ados especialmente para que cada persona aprenda a vivir su singularidad y a atender sus muy diversas necesidades, sin discriminaci\u00f3n de ninguna especie; de modo que pueda experimentar su propia manera de ejercitarse, moverse, esforzarse, caerse, levantarse, divertirse, incluirse, cuidarse, amar, compartir, tomar riesgos, fracasar y vivir. En compa\u00f1\u00eda de sus semejantes, igualmente diversos.<a href=\"http:\/\/vidaindependientemexico.com\/wp-content\/uploads\/2018\/12\/cusos-cmpch.jpg\" target=\"_blank\" rel=\"noopener noreferrer\"><img loading=\"lazy\" decoding=\"async\" class=\"alignright wp-image-3353 size-medium\" src=\"http:\/\/vidaindependientemexico.com\/wp-content\/uploads\/2018\/12\/cusos-cmpch-300x225.jpg\" alt=\"\" width=\"300\" height=\"225\" srcset=\"https:\/\/vidaindependientemexico.com\/wp-content\/uploads\/2018\/12\/cusos-cmpch-300x225.jpg 300w, https:\/\/vidaindependientemexico.com\/wp-content\/uploads\/2018\/12\/cusos-cmpch.jpg 640w\" sizes=\"(max-width: 300px) 100vw, 300px\" \/><\/a><\/strong><\/span><\/p>\n<p style=\"text-align: justify;\"><span style=\"color: #000000;\"><strong><span class=\"Apple-style-span\" style=\"-webkit-text-decorations-in-effect: none;\">En las Capacitaciones para la Vida independiente habilitamos y rehabilitamos a PCD no s\u00f3lo para desenvolverse con plena independencia en su vida cotidiana, sino que les brindamos herramientas que permitan su m\u00e1xima movilidad para facilitar su inclusi\u00f3n familiar, laboral y social. La rehabilitaci\u00f3n integral de VIM, se lleva a cabo en dos modalidades: sesiones semanales (por medio de las Sedes VIM) y campamentos intensivos de vida independiente<span style=\"color: #333300;\"> en todo el pa\u00eds<\/span> (escuela itinerante).<\/span><\/strong><\/span><\/p>\n<p>&nbsp;<\/p>\n<p>&nbsp;<\/p>\n<hr>\n<p style=\"text-align: center;\"><span style=\"color: #000000; font-size: 8pt;\">Imagen tomada para la clausura de un curso intensivo de capacitaci\u00f3n dirigido a PCD Motriz&nbsp; realizado en el estado de Tamaulipas.&nbsp;<\/span><\/p>\n<p><img loading=\"lazy\" decoding=\"async\" class=\"aligncenter size-full wp-image-4172\" src=\"http:\/\/vidaindependientemexico.com\/wp-content\/uploads\/2019\/02\/0000.jpg\" alt=\"\" width=\"720\" height=\"420\" srcset=\"https:\/\/vidaindependientemexico.com\/wp-content\/uploads\/2019\/02\/0000.jpg 720w, https:\/\/vidaindependientemexico.com\/wp-content\/uploads\/2019\/02\/0000-300x175.jpg 300w\" sizes=\"(max-width: 720px) 100vw, 720px\" \/><\/p>\n","protected":false},"excerpt":{"rendered":"<p>Las capacitaciones para la Vida Independiente M\u00e9xico son ambientes de inclusi\u00f3n, dise\u00f1ados especialmente para que cada persona aprenda a vivir su singularidad y a atender sus muy diversas necesidades, sin discriminaci\u00f3n de ninguna especie; de modo que pueda experimentar su propia manera de ejercitarse, moverse, esforzarse, caerse, levantarse, divertirse, incluirse,<a href=\"https:\/\/vidaindependientemexico.com\/?page_id=179\" class=\"read-more\">Read More<\/a><\/p>\n","protected":false},"author":3,"featured_media":0,"parent":0,"menu_order":3,"comment_status":"closed","ping_status":"closed","template":"","meta":{"ngg_post_thumbnail":0,"footnotes":""},"class_list":["post-179","page","type-page","status-publish","hentry"],"_links":{"self":[{"href":"https:\/\/vidaindependientemexico.com\/index.php?rest_route=\/wp\/v2\/pages\/179"}],"collection":[{"href":"https:\/\/vidaindependientemexico.com\/index.php?rest_route=\/wp\/v2\/pages"}],"about":[{"href":"https:\/\/vidaindependientemexico.com\/index.php?rest_route=\/wp\/v2\/types\/page"}],"author":[{"embeddable":true,"href":"https:\/\/vidaindependientemexico.com\/index.php?rest_route=\/wp\/v2\/users\/3"}],"replies":[{"embeddable":true,"href":"https:\/\/vidaindependientemexico.com\/index.php?rest_route=%2Fwp%2Fv2%2Fcomments&post=179"}],"version-history":[{"count":31,"href":"https:\/\/vidaindependientemexico.com\/index.php?rest_route=\/wp\/v2\/pages\/179\/revisions"}],"predecessor-version":[{"id":4620,"href":"https:\/\/vidaindependientemexico.com\/index.php?rest_route=\/wp\/v2\/pages\/179\/revisions\/4620"}],"wp:attachment":[{"href":"https:\/\/vidaindependientemexico.com\/index.php?rest_route=%2Fwp%2Fv2%2Fmedia&parent=179"}],"curies":[{"name":"wp","href":"https:\/\/api.w.org\/{rel}","templated":true}]}}