{"id":231,"date":"2012-01-09T23:22:12","date_gmt":"2012-01-09T23:22:12","guid":{"rendered":"http:\/\/vidaindependientemexico.com\/?page_id=231"},"modified":"2019-01-05T05:52:52","modified_gmt":"2019-01-05T05:52:52","slug":"derecho-a-la-vida","status":"publish","type":"page","link":"https:\/\/vidaindependientemexico.com\/?page_id=231","title":{"rendered":"Derecho a la vida"},"content":{"rendered":"<p><a href=\"http:\/\/vidaindependientemexico.com\/wp-content\/uploads\/2012\/01\/cabeza-derecho-vida-arriba1.jpg\"><img loading=\"lazy\" decoding=\"async\" class=\"aligncenter size-full wp-image-1091\" title=\"cabeza-derecho-vida-arriba\" src=\"http:\/\/vidaindependientemexico.com\/wp-content\/uploads\/2012\/01\/cabeza-derecho-vida-arriba1.jpg\" alt=\"\" width=\"704\" height=\"533\" srcset=\"https:\/\/vidaindependientemexico.com\/wp-content\/uploads\/2012\/01\/cabeza-derecho-vida-arriba1.jpg 704w, https:\/\/vidaindependientemexico.com\/wp-content\/uploads\/2012\/01\/cabeza-derecho-vida-arriba1-300x227.jpg 300w\" sizes=\"(max-width: 704px) 100vw, 704px\" \/><\/a><\/p>\n<p style=\"text-align: justify;\"><strong><span style=\"color: #059df3;\">Responsabilidad de Existir en y para el mundo <\/span>(Arts. <a href=\"http:\/\/es.wikisource.org\/wiki\/Convenci\u00f3n_sobre_los_Derechos_de_las_Personas_con_Discapacidad_y_su_Protocolo_Facultativo_de_las_Naciones_Unidas:_04\">3<\/a>, <a href=\"http:\/\/es.wikisource.org\/wiki\/Convenci\u00f3n_sobre_los_Derechos_de_las_Personas_con_Discapacidad_y_su_Protocolo_Facultativo_de_las_Naciones_Unidas:_11\">10<\/a> y <a href=\"http:\/\/es.wikisource.org\/wiki\/Convenci\u00f3n_sobre_los_Derechos_de_las_Personas_con_Discapacidad_y_su_Protocolo_Facultativo_de_las_Naciones_Unidas:_12\">11<\/a> de la Convenci\u00f3n)<\/strong><\/p>\n<p style=\"text-align: justify;\"><strong>La primera responsabilidad que hemos asumido las PCD del Modelo VIM es la de existir y gozar la vida, con todos los riesgos que conlleva; porque \u00e9sta es un derecho inherente a todo ser humano (<em><span style=\"text-decoration: underline;\"><a href=\"http:\/\/es.wikisource.org\/wiki\/Convenci\u00f3n_sobre_los_Derechos_de_las_Personas_con_Discapacidad_y_su_Protocolo_Facultativo_de_las_Naciones_Unidas:_11\">Art.<\/a><\/span><\/em><em><span style=\"text-decoration: underline;\"><a href=\"http:\/\/es.wikisource.org\/wiki\/Convenci\u00f3n_sobre_los_Derechos_de_las_Personas_con_Discapacidad_y_su_Protocolo_Facultativo_de_las_Naciones_Unidas:_11\">10 Derecho a la vida<\/a><\/span><\/em>). No tiene ning\u00fan sentido que pretendamos exigir este derecho, si las mismas PCD no estamos dispuestas a ejercerlo; empezando por ser nosotras \u2013antes que nadie- quienes salvaguardemos y protejamos nuestra vida, en cualquier situaci\u00f3n y a\u00fan m\u00e1s en conflictos armados, emergencias humanitarias y desastres naturales (<em><span style=\"text-decoration: underline;\"><a href=\"http:\/\/es.wikisource.org\/wiki\/Convenci\u00f3n_sobre_los_Derechos_de_las_Personas_con_Discapacidad_y_su_Protocolo_Facultativo_de_las_Naciones_Unidas:_12\">Art.<\/a><\/span><\/em><em><span style=\"text-decoration: underline;\"><a href=\"http:\/\/es.wikisource.org\/wiki\/Convenci\u00f3n_sobre_los_Derechos_de_las_Personas_con_Discapacidad_y_su_Protocolo_Facultativo_de_las_Naciones_Unidas:_12\">11 Situaciones de riesgo y emergencias humanitarias<\/a><\/span><\/em>), con todo lo que ello significa.<\/strong><\/p>\n<p style=\"text-align: justify;\"><strong>La Convenci\u00f3n establece en su art\u00edculo tercero, principios esenciales que no s\u00f3lo son aplicables a las personas con discapacidad, sino que bien pueden constituir un dec\u00e1logo de respeto por la vida; el cu\u00e1l invitamos a todas las PCD del mundo, a que lo hagan suyo y juntas nos ganemos nuestro derecho a la vida, comprometi\u00e9ndonos a ejercerlo como verdaderas ciudadanas del mundo, velando por hacer vida siempre y en todo momento el siguiente:<\/strong><\/p>\n<p style=\"text-align: justify;\"><strong><span style=\"color: #059df3;\">DEC\u00c1LOGO DE PRINCIPIOS<\/span> de las Personas con Discapacidad (<em><span style=\"text-decoration: underline;\"><a href=\"http:\/\/es.wikisource.org\/wiki\/Convenci\u00f3n_sobre_los_Derechos_de_las_Personas_con_Discapacidad_y_su_Protocolo_Facultativo_de_las_Naciones_Unidas:_04\">Art. 3 Principios<\/a><\/span><\/em>):<\/strong><\/p>\n<p style=\"text-align: justify;\"><strong>1. Respetamos la dignidad inherente y autonom\u00eda individual de todos los seres humanos<\/strong><\/p>\n<p style=\"text-align: justify;\"><strong>2. Respetamos la libertad de cada persona de tomar decisiones y ser independiente<\/strong><\/p>\n<p style=\"text-align: justify;\"><strong>3. No discriminamos a ning\u00fan ser humano<\/strong><\/p>\n<p style=\"text-align: justify;\"><strong>4. Participamos y nos incluimos plena y efectivamente en la comunidad y en el mundo<\/strong><\/p>\n<p style=\"text-align: justify;\"><strong>5. Respetamos las diferencias que hacen \u00fanicos e irrepetibles a todos los seres humanos<\/strong><\/p>\n<p style=\"text-align: justify;\"><strong>6. Nos aceptamos como parte de la diversidad y la condici\u00f3n humanas<\/strong><\/p>\n<p style=\"text-align: justify;\"><strong>7. Reconocemos la igualdad de oportunidades entre todos los seres humanos<\/strong><\/p>\n<p style=\"text-align: justify;\"><strong>8. Construimos un Mundo accesible<\/strong><\/p>\n<p style=\"text-align: justify;\"><strong>9. Asumimos la igualdad entre hombres y mujeres<\/strong><\/p>\n<p style=\"text-align: justify;\"><strong>10. Respetamos la evoluci\u00f3n de las facultades de ni\u00f1os y ni\u00f1as y preservamos su identidad<\/strong><\/p>\n<p style=\"text-align: justify;\"><strong><span style=\"color: #059df3;\">Responsabilidad de crear V\u00ednculos y Comunidades en donde ning\u00fan ser vivo pueda ser Explotado <\/span>(Arts. <a href=\"http:\/\/es.wikisource.org\/wiki\/Convenci\u00f3n_sobre_los_Derechos_de_las_Personas_con_Discapacidad_y_su_Protocolo_Facultativo_de_las_Naciones_Unidas:_15\">14<\/a>, <a href=\"http:\/\/es.wikisource.org\/wiki\/Convenci\u00f3n_sobre_los_Derechos_de_las_Personas_con_Discapacidad_y_su_Protocolo_Facultativo_de_las_Naciones_Unidas:_16\">15<\/a>, <a href=\"http:\/\/es.wikisource.org\/wiki\/Convenci\u00f3n_sobre_los_Derechos_de_las_Personas_con_Discapacidad_y_su_Protocolo_Facultativo_de_las_Naciones_Unidas:_17\">16<\/a>, <a href=\"http:\/\/es.wikisource.org\/wiki\/Convenci\u00f3n_sobre_los_Derechos_de_las_Personas_con_Discapacidad_y_su_Protocolo_Facultativo_de_las_Naciones_Unidas:_18\">17<\/a>, <a href=\"http:\/\/es.wikisource.org\/wiki\/Convenci\u00f3n_sobre_los_Derechos_de_las_Personas_con_Discapacidad_y_su_Protocolo_Facultativo_de_las_Naciones_Unidas:_23\">22 <\/a>y <a href=\"http:\/\/es.wikisource.org\/wiki\/Convenci\u00f3n_sobre_los_Derechos_de_las_Personas_con_Discapacidad_y_su_Protocolo_Facultativo_de_las_Naciones_Unidas:_24\">23<\/a>)<\/strong><\/p>\n<p style=\"text-align: justify;\"><strong>Las PCD asumimos la responsabilidad de asegurar y disfrutar nuestra libertad, velando porque en ning\u00fan caso \u00e9sta se vulnere a causa de la discapacidad <em><span style=\"text-decoration: underline;\">(<a href=\"http:\/\/es.wikisource.org\/wiki\/Convenci\u00f3n_sobre_los_Derechos_de_las_Personas_con_Discapacidad_y_su_Protocolo_Facultativo_de_las_Naciones_Unidas:_15\">Art.14 Libertad y seguridad de la persona<\/a><\/span><\/em>), incluyendo nuestra integridad f\u00edsica y mental (<em><span style=\"text-decoration: underline;\"><a href=\"http:\/\/es.wikisource.org\/wiki\/Convenci\u00f3n_sobre_los_Derechos_de_las_Personas_con_Discapacidad_y_su_Protocolo_Facultativo_de_las_Naciones_Unidas:_18\">Art.17 Protecci\u00f3n de la integridad personal<\/a><\/span><\/em>) y el respeto a nuestra vida privada, familia, hogar, intimidad, datos personales, honor y reputaci\u00f3n (<em><span style=\"text-decoration: underline;\"><a href=\"http:\/\/es.wikisource.org\/wiki\/Convenci\u00f3n_sobre_los_Derechos_de_las_Personas_con_Discapacidad_y_su_Protocolo_Facultativo_de_las_Naciones_Unidas:_23\">Art. 22 Respeto de la privacidad<\/a><\/span><\/em>); es decir, nuestra vida personal, familiar, paternidad y dem\u00e1s relaciones personales: vivir en pareja, fundar una familia sin injerencia de ninguna especie, decidir libre y responsablemente los hijos que se quieran tener, respetar la fertilidad individual y el derecho de adopci\u00f3n, asistencia p\u00fablica para la crianza de los hijos, absoluto respeto a los derechos de los menores con discapacidad incluyendo no ser separados de sus padres o en su defecto, de la familia extensa o de la comunidad que asume la responsabilidad de su cuidado (<em><span style=\"text-decoration: underline;\"><a href=\"http:\/\/es.wikisource.org\/wiki\/Convenci\u00f3n_sobre_los_Derechos_de_las_Personas_con_Discapacidad_y_su_Protocolo_Facultativo_de_las_Naciones_Unidas:_24\">Art.&nbsp; 23 Respeto del hogar y de la&nbsp; familia<\/a><\/span><\/em>); salvaguardando, siempre, el inter\u00e9s superior de la ni\u00f1ez.<\/strong><\/p>\n<p style=\"text-align: justify;\"><strong>De igual manera, asumimos la responsabilidad de velar porque ninguna PCD sea sometida a tortura u otros tratos o penas crueles, inhumanos o degradantes; incluyendo experimentos m\u00e9dicos o cient\u00edficos sin su libre consentimiento (<em><span style=\"text-decoration: underline;\"><a href=\"http:\/\/es.wikisource.org\/wiki\/Convenci\u00f3n_sobre_los_Derechos_de_las_Personas_con_Discapacidad_y_su_Protocolo_Facultativo_de_las_Naciones_Unidas:_16\">Art.15 Protecci\u00f3n contra tortura y otros tratos inhumanos o degradantes<\/a><\/span><\/em>). As\u00ed como proteger a las PCD, tanto en el seno del hogar como fuera de \u00e9l, contra toda forma de explotaci\u00f3n, violencia o abuso, incluidos los aspectos relacionados con el g\u00e9nero, la edad y el tipo de discapacidad. De ser el caso, las PCD promoveremos y vigilaremos la recuperaci\u00f3n f\u00edsica, cognitiva y psicol\u00f3gica, la rehabilitaci\u00f3n y la reintegraci\u00f3n social de las PCD que sean v\u00edctimas de estas situaciones, mediante la prestaci\u00f3n de servicios adecuados y un entorno favorable para la salud, bienestar, autoestima, dignidad y autonom\u00eda de la PCD (<em><span style=\"text-decoration: underline;\"><a href=\"http:\/\/es.wikisource.org\/wiki\/Convenci\u00f3n_sobre_los_Derechos_de_las_Personas_con_Discapacidad_y_su_Protocolo_Facultativo_de_las_Naciones_Unidas:_17\">Art. 16&nbsp; Protecci\u00f3n contra la explotaci\u00f3n, la violencia y el abuso<\/a><\/span><\/em>).<\/strong><\/p>\n<p style=\"text-align: justify;\"><a href=\"http:\/\/vidaindependientemexico.com\/wp-content\/uploads\/2012\/01\/cabeza-derecho-vida-abajo.jpg\"><img loading=\"lazy\" decoding=\"async\" class=\"aligncenter size-full wp-image-1092\" title=\"cabeza-derecho-vida-abajo\" src=\"http:\/\/vidaindependientemexico.com\/wp-content\/uploads\/2012\/01\/cabeza-derecho-vida-abajo.jpg\" alt=\"\" width=\"704\" height=\"533\" srcset=\"https:\/\/vidaindependientemexico.com\/wp-content\/uploads\/2012\/01\/cabeza-derecho-vida-abajo.jpg 704w, https:\/\/vidaindependientemexico.com\/wp-content\/uploads\/2012\/01\/cabeza-derecho-vida-abajo-300x227.jpg 300w\" sizes=\"(max-width: 704px) 100vw, 704px\" \/><\/a><\/p>\n<p>&nbsp;<\/p>\n","protected":false},"excerpt":{"rendered":"<p>Responsabilidad de Existir en y para el mundo (Arts. 3, 10 y 11 de la Convenci\u00f3n) La primera responsabilidad que hemos asumido las PCD del Modelo VIM es la de existir y gozar la vida, con todos los riesgos que conlleva; porque \u00e9sta es un derecho inherente a todo ser<a href=\"https:\/\/vidaindependientemexico.com\/?page_id=231\" class=\"read-more\">Read More<\/a><\/p>\n","protected":false},"author":3,"featured_media":3837,"parent":0,"menu_order":0,"comment_status":"closed","ping_status":"closed","template":"","meta":{"ngg_post_thumbnail":0,"footnotes":""},"class_list":["post-231","page","type-page","status-publish","has-post-thumbnail","hentry"],"_links":{"self":[{"href":"https:\/\/vidaindependientemexico.com\/index.php?rest_route=\/wp\/v2\/pages\/231"}],"collection":[{"href":"https:\/\/vidaindependientemexico.com\/index.php?rest_route=\/wp\/v2\/pages"}],"about":[{"href":"https:\/\/vidaindependientemexico.com\/index.php?rest_route=\/wp\/v2\/types\/page"}],"author":[{"embeddable":true,"href":"https:\/\/vidaindependientemexico.com\/index.php?rest_route=\/wp\/v2\/users\/3"}],"replies":[{"embeddable":true,"href":"https:\/\/vidaindependientemexico.com\/index.php?rest_route=%2Fwp%2Fv2%2Fcomments&post=231"}],"version-history":[{"count":17,"href":"https:\/\/vidaindependientemexico.com\/index.php?rest_route=\/wp\/v2\/pages\/231\/revisions"}],"predecessor-version":[{"id":3838,"href":"https:\/\/vidaindependientemexico.com\/index.php?rest_route=\/wp\/v2\/pages\/231\/revisions\/3838"}],"wp:featuredmedia":[{"embeddable":true,"href":"https:\/\/vidaindependientemexico.com\/index.php?rest_route=\/wp\/v2\/media\/3837"}],"wp:attachment":[{"href":"https:\/\/vidaindependientemexico.com\/index.php?rest_route=%2Fwp%2Fv2%2Fmedia&parent=231"}],"curies":[{"name":"wp","href":"https:\/\/api.w.org\/{rel}","templated":true}]}}