{"id":235,"date":"2012-01-09T23:23:08","date_gmt":"2012-01-09T23:23:08","guid":{"rendered":"http:\/\/vidaindependientemexico.com\/?page_id=235"},"modified":"2019-01-05T07:33:54","modified_gmt":"2019-01-05T07:33:54","slug":"derecho-a-la-libertad","status":"publish","type":"page","link":"https:\/\/vidaindependientemexico.com\/?page_id=235","title":{"rendered":"Derecho a la libertad"},"content":{"rendered":"<p><img loading=\"lazy\" decoding=\"async\" class=\"aligncenter size-full wp-image-3844\" src=\"http:\/\/vidaindependientemexico.com\/wp-content\/uploads\/2019\/01\/Derecho-a-la-libertad.jpg\" alt=\"\" width=\"1280\" height=\"720\" srcset=\"https:\/\/vidaindependientemexico.com\/wp-content\/uploads\/2019\/01\/Derecho-a-la-libertad.jpg 1280w, https:\/\/vidaindependientemexico.com\/wp-content\/uploads\/2019\/01\/Derecho-a-la-libertad-300x169.jpg 300w, https:\/\/vidaindependientemexico.com\/wp-content\/uploads\/2019\/01\/Derecho-a-la-libertad-768x432.jpg 768w, https:\/\/vidaindependientemexico.com\/wp-content\/uploads\/2019\/01\/Derecho-a-la-libertad-1024x576.jpg 1024w\" sizes=\"(max-width: 1280px) 100vw, 1280px\" \/><\/p>\n<p style=\"text-align: justify;\"><strong><span style=\"color: #059df3;\">Responsabilidad de ser Independientes para crear una Humanidad libre<\/span><\/strong><\/p>\n<p style=\"text-align: justify;\"><strong><span style=\"color: #000000;\">Las PCD asumimos la responsabilidad de vivir en forma independiente para incluirnos en la comunidad y en el mundo; adoptaremos medidas efectivas y pertinentes para gozar este derecho: incluyendo la elecci\u00f3n de nuestro lugar de residencia, d\u00f3nde, con qui\u00e9n y c\u00f3mo vivir; contando, en caso necesario, con servicios de asistencia domiciliaria y otros apoyos para facilitar nuestra existencia, movilidad e inclusi\u00f3n; haciendo uso de la infraestructura y servicios comunitarios para la poblaci\u00f3n en general<\/span> (<em><span style=\"text-decoration: underline;\"><a href=\"http:\/\/es.wikisource.org\/wiki\/Convenci\u00f3n_sobre_los_Derechos_de_las_Personas_con_Discapacidad_y_su_Protocolo_Facultativo_de_las_Naciones_Unidas:_20\">Art. 19 Independencia e inclusi\u00f3n<\/a><\/span><\/em>). <span style=\"color: #000000;\">Para ello, las PCD nos aseguraremos de que existan las condiciones adecuadas de acceso en el entorno f\u00edsico, transporte, informaci\u00f3n y comunicaciones, incluidos sistemas, tecnolog\u00edas e instalaciones de uso p\u00fablico, tanto en zonas urbanas como rurales: identificando y eliminando obst\u00e1culos y barreras de acceso en edificios, v\u00edas p\u00fablicas, transporte, escuelas, viviendas, instalaciones m\u00e9dicas, lugares de trabajo y otros espacios, como los ya mencionados. Las PCD vigilaremos que cada Gobierno asuma y cumpla su responsabilidad en torno a este prop\u00f3sito (<em><span style=\"text-decoration: underline;\"><a style=\"color: #000000; text-decoration: underline;\" href=\"http:\/\/es.wikisource.org\/wiki\/Convenci\u00f3n_sobre_los_Derechos_de_las_Personas_con_Discapacidad_y_su_Protocolo_Facultativo_de_las_Naciones_Unidas:_10\">Art. 9 Accesibilidad<\/a><\/span><\/em>)<\/span><\/strong><\/p>\n<p style=\"text-align: justify;\"><strong><span style=\"color: #000000;\">Para salvaguardar nuestra libertad, las PCD asumimos la responsabilidad de velar por- que los Estados Partes promuevan el pleno ejercicio de todos los derechos humanos y libertades fundamentales de las PCD sin discriminaci\u00f3n de ning\u00fan tipo: adoptando todas las medidas que sean necesarias, en el \u00e1mbito de sus atribuciones; en todas las pol\u00edticas y programas de gobierno; combatiendo la discriminaci\u00f3n y absteni\u00e9ndose de cualquier acto o pr\u00e1ctica incompatible con la Convenci\u00f3n: promoviendo la investigaci\u00f3n y creaci\u00f3n de bienes y servicios de dise\u00f1o universal, tecnolog\u00eda e informaci\u00f3n accesibles, formaci\u00f3n de profesionales aptos y sensibles; orientando sus presupuestos a la consecuci\u00f3n de estos derechos y sin afectar ninguno de los que ya est\u00e9n disponibles a las PCD; pues \u00e9stos son inderogables <\/span>(<em><span style=\"text-decoration: underline;\"><a href=\"http:\/\/es.wikisource.org\/wiki\/Convenci\u00f3n_sobre_los_Derechos_de_las_Personas_con_Discapacidad_y_su_Protocolo_Facultativo_de_las_Naciones_Unidas:_05\">Art. 4 Obligaciones de los Estados Partes<\/a><\/span><\/em>).<\/strong><\/p>\n<p style=\"text-align: justify;\"><strong>&nbsp;<span style=\"color: #059df3;\">Responsabilidad de Participar en la Vida P\u00fablica y Social de M\u00e9xico<\/span><\/strong><\/p>\n<p style=\"text-align: justify;\"><strong><span style=\"color: #000000;\">Las PCD asumimos la responsabilidad de ejercer y gozar nuestros derechos pol\u00edticos, participando plena y efectivamente en la vida p\u00fablica, directamente o a trav\u00e9s de representantes libremente elegidos; incluyendo el derecho a votar y ser votadas, en condiciones adecuadas de accesibilidad y asistencia personal, en caso necesario; sin intimidaci\u00f3n ni injerencia arbitraria de ninguna especie. Promoveremos un entorno en el que podamos participar activamente en la direcci\u00f3n de los asuntos p\u00fablicos, sin discriminaci\u00f3n y en igualdad de condiciones; ya sea, a trav\u00e9s de organizaciones de la sociedad civil ya constituidas, de partidos pol\u00edticos o constituyendo organizaciones nuevas<\/span> (<em><span style=\"text-decoration: underline;\"><a href=\"http:\/\/es.wikisource.org\/wiki\/Convenci\u00f3n_sobre_los_Derechos_de_las_Personas_con_Discapacidad_y_su_Protocolo_Facultativo_de_las_Naciones_Unidas:_30\">Art. 29&nbsp; Vida pol\u00edtica y p\u00fablica<\/a><\/span><\/em>).<\/strong><\/p>\n<p style=\"text-align: justify;\"><strong><span style=\"color: #000000;\">Las PCD asumimos la responsabilidad de participar en actividades culturales, recreativas, de esparcimiento y deporte; y, nos aseguraremos de que exista la accesibilidad necesaria para ello, incluyendo televisi\u00f3n, cine, teatro, museos, bibliotecas, monumentos y lugares de atracci\u00f3n entre otras. Asumimos tambi\u00e9n la responsabilidad de desarrollar y utilizar nuestro potencial creativo, art\u00edstico e intelectual, para beneficio propio y para el enriquecimiento de la sociedad; as\u00ed como el reconocimiento y apoyo de nuestra identidad espec\u00edfica, cultural y ling\u00fc\u00edstica. Asumimos la responsabilidad de participar en actividades de diverso tipo y asegurar que tengamos acceso a las instalaciones y servicios deportivos, recreativos y tur\u00edsticos: especialmente los ni\u00f1os y ni\u00f1as con discapacidad; incluyendo actividades l\u00fadicas y de esparcimiento, dentro y fuera del sistema escolar<\/span> (<em><span style=\"text-decoration: underline;\"><a href=\"http:\/\/es.wikisource.org\/wiki\/Convenci\u00f3n_sobre_los_Derechos_de_las_Personas_con_Discapacidad_y_su_Protocolo_Facultativo_de_las_Naciones_Unidas:_31\">Art. 30&nbsp; Vida cultural, recreativa y deporte<\/a><\/span><\/em>)<\/strong><\/p>\n<p><a href=\"http:\/\/vidaindependientemexico.com\/wp-content\/uploads\/2012\/01\/cabeza-derecho-libertad-abajo.jpg\"><img loading=\"lazy\" decoding=\"async\" class=\"aligncenter size-full wp-image-1101\" title=\"cabeza-derecho-libertad-abajo\" src=\"http:\/\/vidaindependientemexico.com\/wp-content\/uploads\/2012\/01\/cabeza-derecho-libertad-abajo.jpg\" alt=\"\" width=\"704\" height=\"533\" srcset=\"https:\/\/vidaindependientemexico.com\/wp-content\/uploads\/2012\/01\/cabeza-derecho-libertad-abajo.jpg 704w, https:\/\/vidaindependientemexico.com\/wp-content\/uploads\/2012\/01\/cabeza-derecho-libertad-abajo-300x227.jpg 300w\" sizes=\"(max-width: 704px) 100vw, 704px\" \/><\/a><\/p>\n<p>&nbsp;<\/p>\n","protected":false},"excerpt":{"rendered":"<p>Responsabilidad de ser Independientes para crear una Humanidad libre Las PCD asumimos la responsabilidad de vivir en forma independiente para incluirnos en la comunidad y en el mundo; adoptaremos medidas efectivas y pertinentes para gozar este derecho: incluyendo la elecci\u00f3n de nuestro lugar de residencia, d\u00f3nde, con qui\u00e9n y c\u00f3mo<a href=\"https:\/\/vidaindependientemexico.com\/?page_id=235\" class=\"read-more\">Read More<\/a><\/p>\n","protected":false},"author":3,"featured_media":3842,"parent":0,"menu_order":0,"comment_status":"closed","ping_status":"closed","template":"","meta":{"ngg_post_thumbnail":0,"footnotes":""},"class_list":["post-235","page","type-page","status-publish","has-post-thumbnail","hentry"],"_links":{"self":[{"href":"https:\/\/vidaindependientemexico.com\/index.php?rest_route=\/wp\/v2\/pages\/235"}],"collection":[{"href":"https:\/\/vidaindependientemexico.com\/index.php?rest_route=\/wp\/v2\/pages"}],"about":[{"href":"https:\/\/vidaindependientemexico.com\/index.php?rest_route=\/wp\/v2\/types\/page"}],"author":[{"embeddable":true,"href":"https:\/\/vidaindependientemexico.com\/index.php?rest_route=\/wp\/v2\/users\/3"}],"replies":[{"embeddable":true,"href":"https:\/\/vidaindependientemexico.com\/index.php?rest_route=%2Fwp%2Fv2%2Fcomments&post=235"}],"version-history":[{"count":17,"href":"https:\/\/vidaindependientemexico.com\/index.php?rest_route=\/wp\/v2\/pages\/235\/revisions"}],"predecessor-version":[{"id":3847,"href":"https:\/\/vidaindependientemexico.com\/index.php?rest_route=\/wp\/v2\/pages\/235\/revisions\/3847"}],"wp:featuredmedia":[{"embeddable":true,"href":"https:\/\/vidaindependientemexico.com\/index.php?rest_route=\/wp\/v2\/media\/3842"}],"wp:attachment":[{"href":"https:\/\/vidaindependientemexico.com\/index.php?rest_route=%2Fwp%2Fv2%2Fmedia&parent=235"}],"curies":[{"name":"wp","href":"https:\/\/api.w.org\/{rel}","templated":true}]}}