{"id":252,"date":"2012-01-09T23:37:36","date_gmt":"2012-01-09T23:37:36","guid":{"rendered":"http:\/\/vidaindependientemexico.com\/?page_id=252"},"modified":"2020-09-30T04:00:03","modified_gmt":"2020-09-30T04:00:03","slug":"campamentos-intensivos","status":"publish","type":"page","link":"https:\/\/vidaindependientemexico.com\/?page_id=252","title":{"rendered":"Cursos intensivos"},"content":{"rendered":"<p style=\"text-align: justify;\"><strong>Campamentos o cursos intensivos es el nombre de la capacitaci\u00f3n que se realiza durante siete d\u00edas consecutivos. Este programa se desarrolla en los 32 estados de la Rep\u00fablica Mexicana y 17 pa\u00edses de Am\u00e9rica Latina.<\/strong><\/p>\n<p style=\"text-align: justify;\"><strong> Envueltos por un ambiente agradable, las PCD conviven las 24 horas del d\u00eda con otras personas con discapacidad, terapeutas f\u00edsicos y ocupacionales, m\u00e9dicos en rehabilitaci\u00f3n, funcionarios de gobiernos, empresarios, familiares, e instructores con discapacidad completamente incluidos a la sociedad, facilitando el entrenamiento emocional y f\u00edsico por parte de un equipo especializado de instructores quienes comparten con el resto de participantes sus habilidades en el manejo de la silla de ruedas, conocimientos pr\u00e1cticos para la inclusi\u00f3n y experiencias personales de vida.<\/strong><\/p>\n<p style=\"text-align: justify;\"><strong>La forma de ense\u00f1ar las t\u00e9cnicas para cada actividad de la vida diaria es muy distinta, puesto que las necesidades que requiere cada participante no siempre son las mismas, por tanto, dise\u00f1amos un programa personalizado acorde a las necesidades y capacidades de cada beneficiario.&nbsp;<\/strong><strong>Para esto, los instructores de Vida Independiente M\u00e9xico deber\u00e1n estar capacitados y sabidos de las distintas t\u00e9cnicas para lograr con \u00e9xito cada actividad.<\/strong><\/p>\n<h3><span style=\"color: #00000;\"><strong>De acuerdo con ese conocimiento, la mec\u00e1nica para los campamentos es la siguiente:<\/strong><\/span><\/h3>\n<p style=\"text-align: justify;\"><strong>ASESOR\u00cdA DE PARES: Se deber\u00e1n hospedar en un mismo cuarto o caba\u00f1a (seg\u00fan sea el caso) un participante acompa\u00f1ado por un instructor VIM que presente la misma discapacidad y el mismo nivel de lesi\u00f3n. Es decir, si el nivel de lesi\u00f3n medular es C6, el instructor debe presentar una lesi\u00f3n similar.<\/strong><\/p>\n<p style=\"text-align: justify;\"><strong>El instructor de Vida Independiente tendr\u00e1 bajo su responsabilidad al participante miembro de su grupo al cual se est\u00e1 capacitando, acompa\u00f1ando todas sus actividades desde que se levanta, hasta que se va a la cama; esto con el prop\u00f3sito de apoyarlo y ense\u00f1arlo en todas las actividades de la vida diaria donde requiera ayuda.<\/strong><\/p>\n<p style=\"text-align: justify;\"><strong>En estos campamentos de rehabilitaci\u00f3n, la independencia de cada uno de los participantes se fomenta a trav\u00e9s de las siguientes disciplinas b\u00e1sicas:<\/strong><\/p>\n<p>&nbsp;<\/p>\n<p align=\"center\"><a href=\"http:\/\/vidaindependientemexico.com\/wp-content\/uploads\/2012\/01\/campamentos-intensivos2.jpg\"><img loading=\"lazy\" decoding=\"async\" class=\"size-full wp-image-833 aligncenter\" title=\"campamentos-intensivos2\" src=\"http:\/\/vidaindependientemexico.com\/wp-content\/uploads\/2012\/01\/campamentos-intensivos2.jpg\" alt=\"\" width=\"402\" height=\"301\" srcset=\"https:\/\/vidaindependientemexico.com\/wp-content\/uploads\/2012\/01\/campamentos-intensivos2.jpg 402w, https:\/\/vidaindependientemexico.com\/wp-content\/uploads\/2012\/01\/campamentos-intensivos2-300x224.jpg 300w\" sizes=\"(max-width: 402px) 100vw, 402px\" \/><\/a><\/p>\n<p align=\"center\"><a href=\"http:\/\/vidaindependientemexico.com\/wp-content\/uploads\/2012\/01\/campamentos-intensivos31.jpg\"><img loading=\"lazy\" decoding=\"async\" class=\"size-full wp-image-834 aligncenter\" title=\"campamentos-intensivos3\" src=\"http:\/\/vidaindependientemexico.com\/wp-content\/uploads\/2012\/01\/campamentos-intensivos31.jpg\" alt=\"\" width=\"506\" height=\"199\" srcset=\"https:\/\/vidaindependientemexico.com\/wp-content\/uploads\/2012\/01\/campamentos-intensivos31.jpg 506w, https:\/\/vidaindependientemexico.com\/wp-content\/uploads\/2012\/01\/campamentos-intensivos31-300x117.jpg 300w\" sizes=\"(max-width: 506px) 100vw, 506px\" \/><\/a><\/p>\n<p align=\"center\"><a href=\"http:\/\/vidaindependientemexico.com\/wp-content\/uploads\/2012\/01\/campamentos-intensivos7.jpg\"><img loading=\"lazy\" decoding=\"async\" class=\"size-full wp-image-838 aligncenter\" title=\"campamentos-intensivos7\" src=\"http:\/\/vidaindependientemexico.com\/wp-content\/uploads\/2012\/01\/campamentos-intensivos7.jpg\" alt=\"\" width=\"539\" height=\"404\" srcset=\"https:\/\/vidaindependientemexico.com\/wp-content\/uploads\/2012\/01\/campamentos-intensivos7.jpg 539w, https:\/\/vidaindependientemexico.com\/wp-content\/uploads\/2012\/01\/campamentos-intensivos7-300x224.jpg 300w\" sizes=\"(max-width: 539px) 100vw, 539px\" \/><\/a><a href=\"http:\/\/vidaindependientemexico.com\/wp-content\/uploads\/2012\/01\/campamentos-intensivos8.jpg\"><img loading=\"lazy\" decoding=\"async\" class=\"size-full wp-image-839 aligncenter\" title=\"campamentos-intensivos8\" src=\"http:\/\/vidaindependientemexico.com\/wp-content\/uploads\/2012\/01\/campamentos-intensivos8.jpg\" alt=\"\" width=\"508\" height=\"382\" srcset=\"https:\/\/vidaindependientemexico.com\/wp-content\/uploads\/2012\/01\/campamentos-intensivos8.jpg 508w, https:\/\/vidaindependientemexico.com\/wp-content\/uploads\/2012\/01\/campamentos-intensivos8-300x225.jpg 300w\" sizes=\"(max-width: 508px) 100vw, 508px\" \/><\/a><a href=\"http:\/\/vidaindependientemexico.com\/wp-content\/uploads\/2012\/01\/campamentos-intensivos10.jpg\"><img loading=\"lazy\" decoding=\"async\" class=\"size-full wp-image-841 aligncenter\" title=\"campamentos-intensivos10\" src=\"http:\/\/vidaindependientemexico.com\/wp-content\/uploads\/2012\/01\/campamentos-intensivos10.jpg\" alt=\"\" width=\"503\" height=\"541\" srcset=\"https:\/\/vidaindependientemexico.com\/wp-content\/uploads\/2012\/01\/campamentos-intensivos10.jpg 503w, https:\/\/vidaindependientemexico.com\/wp-content\/uploads\/2012\/01\/campamentos-intensivos10-278x300.jpg 278w\" sizes=\"(max-width: 503px) 100vw, 503px\" \/><\/a><a href=\"http:\/\/vidaindependientemexico.com\/wp-content\/uploads\/2012\/01\/campamentos-intensivos11.jpg\"><img loading=\"lazy\" decoding=\"async\" class=\"size-full wp-image-842 aligncenter\" title=\"campamentos-intensivos11\" src=\"http:\/\/vidaindependientemexico.com\/wp-content\/uploads\/2012\/01\/campamentos-intensivos11.jpg\" alt=\"\" width=\"355\" height=\"576\" srcset=\"https:\/\/vidaindependientemexico.com\/wp-content\/uploads\/2012\/01\/campamentos-intensivos11.jpg 355w, https:\/\/vidaindependientemexico.com\/wp-content\/uploads\/2012\/01\/campamentos-intensivos11-184x300.jpg 184w\" sizes=\"(max-width: 355px) 100vw, 355px\" \/><\/a><a href=\"http:\/\/vidaindependientemexico.com\/wp-content\/uploads\/2012\/01\/campamentos-intensivos12.jpg\"><img loading=\"lazy\" decoding=\"async\" class=\"size-full wp-image-843 aligncenter\" title=\"campamentos-intensivos12\" src=\"http:\/\/vidaindependientemexico.com\/wp-content\/uploads\/2012\/01\/campamentos-intensivos12.jpg\" alt=\"\" width=\"509\" height=\"217\" srcset=\"https:\/\/vidaindependientemexico.com\/wp-content\/uploads\/2012\/01\/campamentos-intensivos12.jpg 509w, https:\/\/vidaindependientemexico.com\/wp-content\/uploads\/2012\/01\/campamentos-intensivos12-300x127.jpg 300w\" sizes=\"(max-width: 509px) 100vw, 509px\" \/><\/a><a href=\"http:\/\/vidaindependientemexico.com\/wp-content\/uploads\/2012\/01\/campamentos-intensivos15.jpg\"><img loading=\"lazy\" decoding=\"async\" class=\"aligncenter size-full wp-image-847\" title=\"campamentos-intensivos15\" src=\"http:\/\/vidaindependientemexico.com\/wp-content\/uploads\/2012\/01\/campamentos-intensivos15.jpg\" alt=\"\" width=\"509\" height=\"410\" srcset=\"https:\/\/vidaindependientemexico.com\/wp-content\/uploads\/2012\/01\/campamentos-intensivos15.jpg 509w, https:\/\/vidaindependientemexico.com\/wp-content\/uploads\/2012\/01\/campamentos-intensivos15-300x241.jpg 300w\" sizes=\"(max-width: 509px) 100vw, 509px\" \/><\/a><a href=\"http:\/\/vidaindependientemexico.com\/wp-content\/uploads\/2012\/01\/campamentos-intensivos16.jpg\"><img loading=\"lazy\" decoding=\"async\" class=\"aligncenter size-full wp-image-848\" title=\"campamentos-intensivos16\" src=\"http:\/\/vidaindependientemexico.com\/wp-content\/uploads\/2012\/01\/campamentos-intensivos16.jpg\" alt=\"\" width=\"509\" height=\"408\" srcset=\"https:\/\/vidaindependientemexico.com\/wp-content\/uploads\/2012\/01\/campamentos-intensivos16.jpg 509w, https:\/\/vidaindependientemexico.com\/wp-content\/uploads\/2012\/01\/campamentos-intensivos16-300x240.jpg 300w\" sizes=\"(max-width: 509px) 100vw, 509px\" \/><\/a><a href=\"http:\/\/vidaindependientemexico.com\/wp-content\/uploads\/2012\/01\/campamentos-intensivos17.jpg\"><img loading=\"lazy\" decoding=\"async\" class=\"aligncenter size-full wp-image-849\" title=\"campamentos-intensivos17\" src=\"http:\/\/vidaindependientemexico.com\/wp-content\/uploads\/2012\/01\/campamentos-intensivos17.jpg\" alt=\"\" width=\"380\" height=\"602\" srcset=\"https:\/\/vidaindependientemexico.com\/wp-content\/uploads\/2012\/01\/campamentos-intensivos17.jpg 380w, https:\/\/vidaindependientemexico.com\/wp-content\/uploads\/2012\/01\/campamentos-intensivos17-189x300.jpg 189w\" sizes=\"(max-width: 380px) 100vw, 380px\" \/><\/a><\/p>\n<p align=\"center\"><a href=\"http:\/\/vidaindependientemexico.com\/wp-content\/uploads\/2012\/01\/campamentos-intensivos18.jpg\"><img loading=\"lazy\" decoding=\"async\" class=\"aligncenter size-full wp-image-850\" title=\"campamentos-intensivos18\" src=\"http:\/\/vidaindependientemexico.com\/wp-content\/uploads\/2012\/01\/campamentos-intensivos18.jpg\" alt=\"\" width=\"376\" height=\"582\" srcset=\"https:\/\/vidaindependientemexico.com\/wp-content\/uploads\/2012\/01\/campamentos-intensivos18.jpg 376w, https:\/\/vidaindependientemexico.com\/wp-content\/uploads\/2012\/01\/campamentos-intensivos18-193x300.jpg 193w\" sizes=\"(max-width: 376px) 100vw, 376px\" \/><\/a><a href=\"http:\/\/vidaindependientemexico.com\/wp-content\/uploads\/2012\/01\/campamentos-intensivos19.jpg\"><img loading=\"lazy\" decoding=\"async\" class=\"aligncenter size-full wp-image-852\" title=\"campamentos-intensivos19\" src=\"http:\/\/vidaindependientemexico.com\/wp-content\/uploads\/2012\/01\/campamentos-intensivos19.jpg\" alt=\"\" width=\"447\" height=\"600\" srcset=\"https:\/\/vidaindependientemexico.com\/wp-content\/uploads\/2012\/01\/campamentos-intensivos19.jpg 447w, https:\/\/vidaindependientemexico.com\/wp-content\/uploads\/2012\/01\/campamentos-intensivos19-223x300.jpg 223w\" sizes=\"(max-width: 447px) 100vw, 447px\" \/><\/a><\/p>\n<p align=\"center\"><span style=\"color: #00000;\"><strong>Manejo de autom\u00f3vil adaptado<\/strong><\/span><\/p>\n<p align=\"center\"><span style=\"font-size: 10pt;\">Este es un m\u00f3dulo adicional, recientemente introducido al programa de los cursos para las personas que tengan la posibilidad de adquirir un veh\u00edculo. Es un m\u00f3dulo de gran utilidad para que la persona pueda moverse con total independencia. Por medio de un sencillo mecanismo, es posible adaptar cualquier veh\u00edculo para que la propia persona con discapacidad lo pueda manejar.<\/span><\/p>\n<p align=\"center\"><a href=\"http:\/\/vidaindependientemexico.com\/wp-content\/uploads\/2012\/01\/campamentos-intensivos20.jpg\"><img loading=\"lazy\" decoding=\"async\" class=\"aligncenter size-full wp-image-851\" title=\"campamentos-intensivos20\" src=\"http:\/\/vidaindependientemexico.com\/wp-content\/uploads\/2012\/01\/campamentos-intensivos20.jpg\" alt=\"\" width=\"420\" height=\"617\" srcset=\"https:\/\/vidaindependientemexico.com\/wp-content\/uploads\/2012\/01\/campamentos-intensivos20.jpg 420w, https:\/\/vidaindependientemexico.com\/wp-content\/uploads\/2012\/01\/campamentos-intensivos20-204x300.jpg 204w\" sizes=\"(max-width: 420px) 100vw, 420px\" \/><\/a><\/p>\n<p align=\"center\"><a href=\"http:\/\/vidaindependientemexico.com\/wp-content\/uploads\/2012\/01\/campamentos-intensivos21.jpg\"><img loading=\"lazy\" decoding=\"async\" class=\"aligncenter size-full wp-image-853\" title=\"campamentos-intensivos21\" src=\"http:\/\/vidaindependientemexico.com\/wp-content\/uploads\/2012\/01\/campamentos-intensivos21.jpg\" alt=\"\" width=\"509\" height=\"381\" srcset=\"https:\/\/vidaindependientemexico.com\/wp-content\/uploads\/2012\/01\/campamentos-intensivos21.jpg 509w, https:\/\/vidaindependientemexico.com\/wp-content\/uploads\/2012\/01\/campamentos-intensivos21-300x224.jpg 300w\" sizes=\"(max-width: 509px) 100vw, 509px\" \/><\/a><a href=\"http:\/\/vidaindependientemexico.com\/wp-content\/uploads\/2012\/01\/campamentos-intensivos22.jpg\"><img loading=\"lazy\" decoding=\"async\" class=\"aligncenter size-full wp-image-854\" title=\"campamentos-intensivos22\" src=\"http:\/\/vidaindependientemexico.com\/wp-content\/uploads\/2012\/01\/campamentos-intensivos22.jpg\" alt=\"\" width=\"361\" height=\"577\" srcset=\"https:\/\/vidaindependientemexico.com\/wp-content\/uploads\/2012\/01\/campamentos-intensivos22.jpg 361w, https:\/\/vidaindependientemexico.com\/wp-content\/uploads\/2012\/01\/campamentos-intensivos22-187x300.jpg 187w\" sizes=\"(max-width: 361px) 100vw, 361px\" \/><\/a><\/p>\n<p align=\"center\"><strong><span style=\"color: #00000;\">IMPARTICI\u00d3N DE TALLERES TE\u00d3RICOS SOBRE:<\/span><\/strong><\/p>\n<p align=\"center\"><strong><span style=\"color: #059df3;\"><img loading=\"lazy\" decoding=\"async\" class=\"aligncenter size-full wp-image-855\" title=\"campamentos-intensivos23\" src=\"http:\/\/vidaindependientemexico.com\/wp-content\/uploads\/2012\/01\/campamentos-intensivos23.jpg\" alt=\"\" width=\"709\" height=\"162\" srcset=\"https:\/\/vidaindependientemexico.com\/wp-content\/uploads\/2012\/01\/campamentos-intensivos23.jpg 709w, https:\/\/vidaindependientemexico.com\/wp-content\/uploads\/2012\/01\/campamentos-intensivos23-300x68.jpg 300w\" sizes=\"(max-width: 709px) 100vw, 709px\" \/><\/span><\/strong><\/p>\n<p align=\"center\">&nbsp;<strong>&nbsp;Urolog\u00eda, cuidados de la piel, sexualidad, derechos humanos, filosof\u00eda de vida independiente, diferentes tipos de sillas de ruedas,&nbsp; entre otros<\/strong><\/p>\n<p align=\"center\"><a href=\"http:\/\/vidaindependientemexico.com\/wp-content\/uploads\/2012\/01\/campamentos-intensivos24.jpg\"><img loading=\"lazy\" decoding=\"async\" class=\"aligncenter size-full wp-image-856\" title=\"campamentos-intensivos24\" src=\"http:\/\/vidaindependientemexico.com\/wp-content\/uploads\/2012\/01\/campamentos-intensivos24.jpg\" alt=\"\" width=\"509\" height=\"413\" srcset=\"https:\/\/vidaindependientemexico.com\/wp-content\/uploads\/2012\/01\/campamentos-intensivos24.jpg 509w, https:\/\/vidaindependientemexico.com\/wp-content\/uploads\/2012\/01\/campamentos-intensivos24-300x243.jpg 300w\" sizes=\"(max-width: 509px) 100vw, 509px\" \/><\/a><\/p>\n<p>&nbsp;<strong>REQUERIMIENTOS:<\/strong><\/p>\n<p style=\"text-align: left;\"><span style=\"color: #00000;\"><strong><span style=\"color: #000000;\">1<\/span><span style=\"color: #00000;\">) Duraci\u00f3n<\/span><\/strong><\/span><\/p>\n<p style=\"text-align: left;\"><strong>Este curso requiere de disponibilidad de tiempo completo, ya que se maneja por medio de un esquema de campamento, en donde participantes y entrenadores se hospedan, comen y entrenan en el mismo lugar por 6 d\u00edas (m\u00ednimo) y 10 d\u00edas (m\u00e1ximo).<\/strong><\/p>\n<p style=\"text-align: left;\"><strong><span style=\"color: #000000;\">2<\/span><span style=\"color: #000000;\">) Participantes<\/span><\/strong><\/p>\n<p style=\"text-align: left;\"><strong>Personas con discapacidad motora.<\/strong><\/p>\n<p style=\"text-align: left;\"><strong>Profesionales de la rehabilitaci\u00f3n de personas en silla de ruedas interesados en conocer la rehabilitaci\u00f3n activa.<\/strong><\/p>\n<p style=\"text-align: left;\"><strong>No podr\u00e1n participar en el curso las personas con discapacidad que presenten lesiones secundarias tales como: escaras, o infecci\u00f3n en v\u00edas urinarias (si durante la evaluaci\u00f3n m\u00e9dica, alguno de los participantes presenta alguna de estas lesiones, no podr\u00e1 permit\u00edrsele participar en el curso. Se canalizar\u00e1 para su atenci\u00f3n m\u00e9dica y posteriormente su ingreso a este programa).<\/strong><\/p>\n<p style=\"text-align: left;\"><strong>Personas con par\u00e1lisis cerebral cevera, ya que las caracter\u00edsticas de manejo de silla de ruedas son distintas a las de las dem\u00e1s discapacidades del aparato locomotor.<\/strong><\/p>\n<p style=\"text-align: left;\"><strong>El cupo de este curso est\u00e1 limitado a un m\u00e1ximo de 40 personas.<\/strong><\/p>\n<p style=\"text-align: left;\"><strong>Para garantizar una \u00f3ptima organizaci\u00f3n del curso es IMPRESCINDIBLE conocer las caracter\u00edsticas de los participantes con anterioridad. Por esta raz\u00f3n es necesario contar con las fichas y documentos de inscripci\u00f3n de los participantes por lo menos 15 d\u00edas antes del curso.<\/strong><\/p>\n","protected":false},"excerpt":{"rendered":"<p>Campamentos o cursos intensivos es el nombre de la capacitaci\u00f3n que se realiza durante siete d\u00edas consecutivos. Este programa se desarrolla en los 32 estados de la Rep\u00fablica Mexicana y 17 pa\u00edses de Am\u00e9rica Latina. Envueltos por un ambiente agradable, las PCD conviven las 24 horas del d\u00eda con otras<a href=\"https:\/\/vidaindependientemexico.com\/?page_id=252\" class=\"read-more\">Read More<\/a><\/p>\n","protected":false},"author":3,"featured_media":0,"parent":179,"menu_order":0,"comment_status":"closed","ping_status":"open","template":"","meta":{"ngg_post_thumbnail":0,"footnotes":""},"class_list":["post-252","page","type-page","status-publish","hentry"],"_links":{"self":[{"href":"https:\/\/vidaindependientemexico.com\/index.php?rest_route=\/wp\/v2\/pages\/252"}],"collection":[{"href":"https:\/\/vidaindependientemexico.com\/index.php?rest_route=\/wp\/v2\/pages"}],"about":[{"href":"https:\/\/vidaindependientemexico.com\/index.php?rest_route=\/wp\/v2\/types\/page"}],"author":[{"embeddable":true,"href":"https:\/\/vidaindependientemexico.com\/index.php?rest_route=\/wp\/v2\/users\/3"}],"replies":[{"embeddable":true,"href":"https:\/\/vidaindependientemexico.com\/index.php?rest_route=%2Fwp%2Fv2%2Fcomments&post=252"}],"version-history":[{"count":27,"href":"https:\/\/vidaindependientemexico.com\/index.php?rest_route=\/wp\/v2\/pages\/252\/revisions"}],"predecessor-version":[{"id":4622,"href":"https:\/\/vidaindependientemexico.com\/index.php?rest_route=\/wp\/v2\/pages\/252\/revisions\/4622"}],"up":[{"embeddable":true,"href":"https:\/\/vidaindependientemexico.com\/index.php?rest_route=\/wp\/v2\/pages\/179"}],"wp:attachment":[{"href":"https:\/\/vidaindependientemexico.com\/index.php?rest_route=%2Fwp%2Fv2%2Fmedia&parent=252"}],"curies":[{"name":"wp","href":"https:\/\/api.w.org\/{rel}","templated":true}]}}