{"id":254,"date":"2012-01-09T23:38:07","date_gmt":"2012-01-09T23:38:07","guid":{"rendered":"http:\/\/vidaindependientemexico.com\/?page_id=254"},"modified":"2020-09-30T00:34:06","modified_gmt":"2020-09-30T00:34:06","slug":"escuela-permanente","status":"publish","type":"page","link":"https:\/\/vidaindependientemexico.com\/?page_id=254","title":{"rendered":"Sedes Vida Independiente"},"content":{"rendered":"<p style=\"text-align: justify;\"><span style=\"color: #000000;\"><strong>Este sistema se imparte un d\u00eda por semana en alguna de las 30 sedes Vida Independiente que se encuentran a lo largo de la Rep\u00fablica Mexicana. Esta modalidad de capacitaci\u00f3n tiene como prop\u00f3sito ofrecer nuestro programa para la Vida Independiente de forma local y permanente a PCD que por diversas circunstancias no pueden asistir a los campamentos intensivos y, al mismo tiempo, permita la formaci\u00f3n de nuevos instructores locales.<\/strong><\/span><\/p>\n<p><a href=\"http:\/\/vidaindependientemexico.com\/wp-content\/uploads\/2012\/01\/IMG_20140702_133505250.jpg\"><img loading=\"lazy\" decoding=\"async\" class=\"size-full wp-image-1662 aligncenter\" src=\"http:\/\/vidaindependientemexico.com\/wp-content\/uploads\/2012\/01\/IMG_20140702_133505250.jpg\" alt=\"IMG_20140702_133505250\" width=\"2592\" height=\"1456\" srcset=\"https:\/\/vidaindependientemexico.com\/wp-content\/uploads\/2012\/01\/IMG_20140702_133505250.jpg 2592w, https:\/\/vidaindependientemexico.com\/wp-content\/uploads\/2012\/01\/IMG_20140702_133505250-300x168.jpg 300w, https:\/\/vidaindependientemexico.com\/wp-content\/uploads\/2012\/01\/IMG_20140702_133505250-1024x575.jpg 1024w, https:\/\/vidaindependientemexico.com\/wp-content\/uploads\/2012\/01\/IMG_20140702_133505250-255x143.jpg 255w\" sizes=\"(max-width: 2592px) 100vw, 2592px\" \/><\/a><\/p>\n<p style=\"text-align: justify;\"><span style=\"color: #000000;\"><strong>Las sesiones semanales se destinan por lo general al manejo de la silla de ruedas,&nbsp;actividades deportivas, talleres&nbsp;extracurriculares&nbsp;y a brindar informaci\u00f3n b\u00e1sica para la vida cotidiana. Si gustas inscribirte y obtener m\u00e1s informaci\u00f3n, escribe a fundacion@vidaindependientemexico.org<\/strong><\/span><\/p>\n<p><iframe loading=\"lazy\"  id=\"_ytid_86300\"  width=\"584\" height=\"328\"  data-origwidth=\"584\" data-origheight=\"328\" src=\"https:\/\/www.youtube.com\/embed\/z-6mBygG2Lc?enablejsapi=1&#038;autoplay=0&#038;cc_load_policy=0&#038;cc_lang_pref=&#038;iv_load_policy=1&#038;loop=0&#038;rel=1&#038;fs=1&#038;playsinline=0&#038;autohide=2&#038;theme=dark&#038;color=red&#038;controls=1&#038;\" class=\"__youtube_prefs__  epyt-is-override  no-lazyload\" title=\"YouTube player\"  allow=\"fullscreen; accelerometer; autoplay; clipboard-write; encrypted-media; gyroscope; picture-in-picture\" allowfullscreen data-no-lazy=\"1\" data-skipgform_ajax_framebjll=\"\"><\/iframe><\/p>\n","protected":false},"excerpt":{"rendered":"<p>Este sistema se imparte un d\u00eda por semana en alguna de las 30 sedes Vida Independiente que se encuentran a lo largo de la Rep\u00fablica Mexicana. Esta modalidad de capacitaci\u00f3n tiene como prop\u00f3sito ofrecer nuestro programa para la Vida Independiente de forma local y permanente a PCD que por diversas<a href=\"https:\/\/vidaindependientemexico.com\/?page_id=254\" class=\"read-more\">Read More<\/a><\/p>\n","protected":false},"author":3,"featured_media":2825,"parent":179,"menu_order":0,"comment_status":"closed","ping_status":"closed","template":"","meta":{"ngg_post_thumbnail":0,"footnotes":""},"class_list":["post-254","page","type-page","status-publish","has-post-thumbnail","hentry"],"_links":{"self":[{"href":"https:\/\/vidaindependientemexico.com\/index.php?rest_route=\/wp\/v2\/pages\/254"}],"collection":[{"href":"https:\/\/vidaindependientemexico.com\/index.php?rest_route=\/wp\/v2\/pages"}],"about":[{"href":"https:\/\/vidaindependientemexico.com\/index.php?rest_route=\/wp\/v2\/types\/page"}],"author":[{"embeddable":true,"href":"https:\/\/vidaindependientemexico.com\/index.php?rest_route=\/wp\/v2\/users\/3"}],"replies":[{"embeddable":true,"href":"https:\/\/vidaindependientemexico.com\/index.php?rest_route=%2Fwp%2Fv2%2Fcomments&post=254"}],"version-history":[{"count":14,"href":"https:\/\/vidaindependientemexico.com\/index.php?rest_route=\/wp\/v2\/pages\/254\/revisions"}],"predecessor-version":[{"id":4587,"href":"https:\/\/vidaindependientemexico.com\/index.php?rest_route=\/wp\/v2\/pages\/254\/revisions\/4587"}],"up":[{"embeddable":true,"href":"https:\/\/vidaindependientemexico.com\/index.php?rest_route=\/wp\/v2\/pages\/179"}],"wp:featuredmedia":[{"embeddable":true,"href":"https:\/\/vidaindependientemexico.com\/index.php?rest_route=\/wp\/v2\/media\/2825"}],"wp:attachment":[{"href":"https:\/\/vidaindependientemexico.com\/index.php?rest_route=%2Fwp%2Fv2%2Fmedia&parent=254"}],"curies":[{"name":"wp","href":"https:\/\/api.w.org\/{rel}","templated":true}]}}