{"id":261,"date":"2012-01-09T23:45:03","date_gmt":"2012-01-09T23:45:03","guid":{"rendered":"http:\/\/vidaindependientemexico.com\/?page_id=261"},"modified":"2020-09-30T04:26:01","modified_gmt":"2020-09-30T04:26:01","slug":"programas-de-inclusion","status":"publish","type":"page","link":"https:\/\/vidaindependientemexico.com\/?page_id=261","title":{"rendered":"Programas de inclusi\u00f3n"},"content":{"rendered":"<p style=\"text-align: justify;\"><strong><span style=\"color: #000000;\">VIM es la historia de miles de personas con discapacidad que <span style=\"color: #0000ff;\">hemos decidido incluirnos<span style=\"color: #000000;\">:<\/span> en nuestras familias y en nuestros propios proyectos de vida<span style=\"color: #000000;\">;<\/span><\/span> desde nuestra identidad, origen y destino trascedentes; incluyendo, por supuesto, nuestra discapacidad: misma que no evadimos, sino que&amp;nbsp;tomando conciencia de su existencia,&nbsp;nos hacemos responsables de ella.<\/span><\/strong><\/p>\n<p style=\"text-align: justify;\"><strong><span style=\"color: #000000;\">En VIM estamos absolutamente convencidos de <span style=\"color: #0000ff;\">que la conciencia de la discapacidad<span style=\"color: #000000;\">,<\/span> &nbsp;humaniza al mundo<span style=\"color: #000000;\">;<\/span><\/span> y, de que <em>s\u00f3lo escribiendo una historia com\u00fan de rehabilitaci\u00f3n, desde nuestra propia discapacidad, hay esperanza de una vida plena y un liderazgo de amor para todos los seres humanos<\/em>: igualmente ricos y diversos.<\/span><\/strong><\/p>\n<p style=\"text-align: justify;\"><strong><span style=\"color: #000000;\">Pero cuando las personas<span style=\"color: #0000ff;\"> no asumimos la responsabilidad de nuestra propia discapacidad<span style=\"color: #000000;\">,<\/span> por desconocimiento<span style=\"color: #000000;\">,<\/span> chantaje o comodidad<span style=\"color: #000000;\">;<\/span> generamos mucho da\u00f1o<\/span> a nuestro alrededor: a nosotras mismas, a nuestras familias y a la comunidad a la que pertenecemos. Es en ese momento cuando comenzamos a excluimos y a cancelar toda posibilidad de inclusi\u00f3n.<\/span><\/strong><\/p>\n<p style=\"text-align: justify;\"><strong><span style=\"color: #000000;\">La inclusi\u00f3n, no es s\u00f3lo un derecho sino <span style=\"color: #0000ff;\">ante todo<span style=\"color: #000000;\">,<\/span> un deber<span style=\"color: #000000;\">:<\/span> nuestro principal deber como ciudadanos del mundo<span style=\"color: #000000;\">. <\/span><\/span>Y una forma de cumplirlo es ir en busca de otras PCD igual o m\u00e1s abandonadas: aquellas que est\u00e1n postradas en una cama esperando la muerte.<\/span><\/strong><\/p>\n<p style=\"text-align: justify;\"><strong><span style=\"color: #000000;\">Los cuatro programas de inclusi\u00f3n que encabeza VIM:<span style=\"color: #0000ff;\"> Programa de Vida Independiente, Programa de L\u00edderes sociales<span style=\"color: #000000;\">,<\/span> Programa de Inclusi\u00f3n Laboral y Donaciones de sillas de ruedas y coj\u00ednes antiescaras<\/span>, son herramientas mediante las cu\u00e1les animamos a las PCD a levantarse: para que por lo menos sepan que existe otra opci\u00f3n; pues es un hecho que el primer abandono que una PCD debe superar es el que se ha tenido a s\u00ed misma y a su propia discapacidad.<\/span><\/strong><\/p>\n<p style=\"text-align: justify;\"><strong><span style=\"color: #000000;\">La discapacidad que existe en cada lugar, es precisamente la que necesita para transformarse en una mejor comunidad, mediante el amor que cada discapacidad entra\u00f1a e inspira. <span style=\"color: #0000ff;\">Cada escuela, cada espacio y cada lugar de trabajo<span style=\"color: #000000;\">,<\/span> requiere la presencia de una discapacidad diferente que le ayude a tomar conciencia y haga brotar un amor a la medida<\/span> de sus necesidades m\u00e1s profundas.<\/span><\/strong><\/p>\n<p style=\"text-align: justify;\"><strong><span style=\"color: #000000;\">Incluir a personas con discapacidad en nuestra comunidad, <span style=\"color: #0000ff;\">no puede ser considerado como una d\u00e1diva o un acto de caridad<\/span>; sino ante todo, como un acto inteligente para el enriquecimiento, supervivencia y fortalecimiento de la propia comunidad.<\/span><\/strong><\/p>\n","protected":false},"excerpt":{"rendered":"<p>VIM es la historia de miles de personas con discapacidad que hemos decidido incluirnos: en nuestras familias y en nuestros propios proyectos de vida; desde nuestra identidad, origen y destino trascedentes; incluyendo, por supuesto, nuestra discapacidad: misma que no evadimos, sino que&amp;nbsp;tomando conciencia de su existencia,&nbsp;nos hacemos responsables de ella.<a href=\"https:\/\/vidaindependientemexico.com\/?page_id=261\" class=\"read-more\">Read More<\/a><\/p>\n","protected":false},"author":3,"featured_media":3691,"parent":181,"menu_order":0,"comment_status":"closed","ping_status":"open","template":"","meta":{"ngg_post_thumbnail":0,"footnotes":""},"class_list":["post-261","page","type-page","status-publish","has-post-thumbnail","hentry"],"_links":{"self":[{"href":"https:\/\/vidaindependientemexico.com\/index.php?rest_route=\/wp\/v2\/pages\/261"}],"collection":[{"href":"https:\/\/vidaindependientemexico.com\/index.php?rest_route=\/wp\/v2\/pages"}],"about":[{"href":"https:\/\/vidaindependientemexico.com\/index.php?rest_route=\/wp\/v2\/types\/page"}],"author":[{"embeddable":true,"href":"https:\/\/vidaindependientemexico.com\/index.php?rest_route=\/wp\/v2\/users\/3"}],"replies":[{"embeddable":true,"href":"https:\/\/vidaindependientemexico.com\/index.php?rest_route=%2Fwp%2Fv2%2Fcomments&post=261"}],"version-history":[{"count":12,"href":"https:\/\/vidaindependientemexico.com\/index.php?rest_route=\/wp\/v2\/pages\/261\/revisions"}],"predecessor-version":[{"id":4626,"href":"https:\/\/vidaindependientemexico.com\/index.php?rest_route=\/wp\/v2\/pages\/261\/revisions\/4626"}],"up":[{"embeddable":true,"href":"https:\/\/vidaindependientemexico.com\/index.php?rest_route=\/wp\/v2\/pages\/181"}],"wp:featuredmedia":[{"embeddable":true,"href":"https:\/\/vidaindependientemexico.com\/index.php?rest_route=\/wp\/v2\/media\/3691"}],"wp:attachment":[{"href":"https:\/\/vidaindependientemexico.com\/index.php?rest_route=%2Fwp%2Fv2%2Fmedia&parent=261"}],"curies":[{"name":"wp","href":"https:\/\/api.w.org\/{rel}","templated":true}]}}