{"id":286,"date":"2012-01-10T00:07:08","date_gmt":"2012-01-10T00:07:08","guid":{"rendered":"http:\/\/vidaindependientemexico.com\/?page_id=286"},"modified":"2019-01-03T01:42:19","modified_gmt":"2019-01-03T01:42:19","slug":"promocion-de-conciencia-social-vim-en-las-calles","status":"publish","type":"page","link":"https:\/\/vidaindependientemexico.com\/?page_id=286","title":{"rendered":"Promoci\u00f3n de conciencia social (VIM en las calles)"},"content":{"rendered":"<p style=\"text-align: justify;\"><a href=\"http:\/\/vidaindependientemexico.com\/wp-content\/uploads\/2012\/01\/promo-conciencia-social1.jpg\" target=\"_blank\" rel=\"noopener\"><img loading=\"lazy\" decoding=\"async\" class=\"aligncenter wp-image-885 size-full\" title=\"promo-conciencia-social1\" src=\"http:\/\/vidaindependientemexico.com\/wp-content\/uploads\/2012\/01\/promo-conciencia-social1.jpg\" alt=\"\" width=\"756\" height=\"567\" srcset=\"https:\/\/vidaindependientemexico.com\/wp-content\/uploads\/2012\/01\/promo-conciencia-social1.jpg 756w, https:\/\/vidaindependientemexico.com\/wp-content\/uploads\/2012\/01\/promo-conciencia-social1-300x225.jpg 300w\" sizes=\"(max-width: 756px) 100vw, 756px\" \/><\/a><span style=\"color: #000000;\"><strong>La primera tarea de una PCD dedicada a la transformaci\u00f3n social, consiste justamente en sensibilizar a la ciudadan\u00eda sobre el valor y trascendencia de los principios de la Convenci\u00f3n; destinados a salvaguardar la diversidad humana en su inagotable riqueza y en su infinita singularidad.<\/strong><\/span><a href=\"http:\/\/vidaindependientemexico.com\/wp-content\/uploads\/2019\/01\/42116632_1876279879075529_5543533358601994240_n.jpg\" target=\"_blank\" rel=\"noopener\"><img loading=\"lazy\" decoding=\"async\" class=\"aligncenter wp-image-3746 size-full\" src=\"http:\/\/vidaindependientemexico.com\/wp-content\/uploads\/2019\/01\/42116632_1876279879075529_5543533358601994240_n.jpg\" alt=\"\" width=\"960\" height=\"720\" srcset=\"https:\/\/vidaindependientemexico.com\/wp-content\/uploads\/2019\/01\/42116632_1876279879075529_5543533358601994240_n.jpg 960w, https:\/\/vidaindependientemexico.com\/wp-content\/uploads\/2019\/01\/42116632_1876279879075529_5543533358601994240_n-300x225.jpg 300w, https:\/\/vidaindependientemexico.com\/wp-content\/uploads\/2019\/01\/42116632_1876279879075529_5543533358601994240_n-768x576.jpg 768w\" sizes=\"(max-width: 960px) 100vw, 960px\" \/><\/a><\/p>\n<hr>\n<p><a href=\"http:\/\/vidaindependientemexico.com\/wp-content\/uploads\/2019\/01\/14022270_1108797382490453_8277809442333284635_n.jpg\" target=\"_blank\" rel=\"noopener\"><img loading=\"lazy\" decoding=\"async\" class=\"aligncenter wp-image-3742 size-full\" src=\"http:\/\/vidaindependientemexico.com\/wp-content\/uploads\/2019\/01\/14022270_1108797382490453_8277809442333284635_n.jpg\" alt=\"\" width=\"960\" height=\"720\" srcset=\"https:\/\/vidaindependientemexico.com\/wp-content\/uploads\/2019\/01\/14022270_1108797382490453_8277809442333284635_n.jpg 960w, https:\/\/vidaindependientemexico.com\/wp-content\/uploads\/2019\/01\/14022270_1108797382490453_8277809442333284635_n-300x225.jpg 300w, https:\/\/vidaindependientemexico.com\/wp-content\/uploads\/2019\/01\/14022270_1108797382490453_8277809442333284635_n-768x576.jpg 768w\" sizes=\"(max-width: 960px) 100vw, 960px\" \/><\/a><\/p>\n<hr>\n<p style=\"text-align: justify;\">&nbsp;<\/p>\n<p><a href=\"http:\/\/vidaindependientemexico.com\/wp-content\/uploads\/2019\/01\/33.jpg\" target=\"_blank\" rel=\"noopener\"><img loading=\"lazy\" decoding=\"async\" class=\"aligncenter wp-image-3744 size-full\" src=\"http:\/\/vidaindependientemexico.com\/wp-content\/uploads\/2019\/01\/33.jpg\" alt=\"\" width=\"960\" height=\"720\" srcset=\"https:\/\/vidaindependientemexico.com\/wp-content\/uploads\/2019\/01\/33.jpg 960w, https:\/\/vidaindependientemexico.com\/wp-content\/uploads\/2019\/01\/33-300x225.jpg 300w, https:\/\/vidaindependientemexico.com\/wp-content\/uploads\/2019\/01\/33-768x576.jpg 768w\" sizes=\"(max-width: 960px) 100vw, 960px\" \/><\/a><\/p>\n<hr>\n<p><a href=\"http:\/\/vidaindependientemexico.com\/wp-content\/uploads\/2019\/01\/rodada4.jpg\" target=\"_blank\" rel=\"noopener\"><img loading=\"lazy\" decoding=\"async\" class=\"aligncenter wp-image-3745 size-full\" src=\"http:\/\/vidaindependientemexico.com\/wp-content\/uploads\/2019\/01\/rodada4.jpg\" alt=\"\" width=\"960\" height=\"720\" srcset=\"https:\/\/vidaindependientemexico.com\/wp-content\/uploads\/2019\/01\/rodada4.jpg 960w, https:\/\/vidaindependientemexico.com\/wp-content\/uploads\/2019\/01\/rodada4-300x225.jpg 300w, https:\/\/vidaindependientemexico.com\/wp-content\/uploads\/2019\/01\/rodada4-768x576.jpg 768w\" sizes=\"(max-width: 960px) 100vw, 960px\" \/><\/a><\/p>\n","protected":false},"excerpt":{"rendered":"<p>La primera tarea de una PCD dedicada a la transformaci\u00f3n social, consiste justamente en sensibilizar a la ciudadan\u00eda sobre el valor y trascendencia de los principios de la Convenci\u00f3n; destinados a salvaguardar la diversidad humana en su inagotable riqueza y en su infinita singularidad. &nbsp;<\/p>\n","protected":false},"author":3,"featured_media":3747,"parent":281,"menu_order":0,"comment_status":"closed","ping_status":"open","template":"","meta":{"ngg_post_thumbnail":0,"footnotes":""},"class_list":["post-286","page","type-page","status-publish","has-post-thumbnail","hentry"],"_links":{"self":[{"href":"https:\/\/vidaindependientemexico.com\/index.php?rest_route=\/wp\/v2\/pages\/286"}],"collection":[{"href":"https:\/\/vidaindependientemexico.com\/index.php?rest_route=\/wp\/v2\/pages"}],"about":[{"href":"https:\/\/vidaindependientemexico.com\/index.php?rest_route=\/wp\/v2\/types\/page"}],"author":[{"embeddable":true,"href":"https:\/\/vidaindependientemexico.com\/index.php?rest_route=\/wp\/v2\/users\/3"}],"replies":[{"embeddable":true,"href":"https:\/\/vidaindependientemexico.com\/index.php?rest_route=%2Fwp%2Fv2%2Fcomments&post=286"}],"version-history":[{"count":9,"href":"https:\/\/vidaindependientemexico.com\/index.php?rest_route=\/wp\/v2\/pages\/286\/revisions"}],"predecessor-version":[{"id":3750,"href":"https:\/\/vidaindependientemexico.com\/index.php?rest_route=\/wp\/v2\/pages\/286\/revisions\/3750"}],"up":[{"embeddable":true,"href":"https:\/\/vidaindependientemexico.com\/index.php?rest_route=\/wp\/v2\/pages\/281"}],"wp:featuredmedia":[{"embeddable":true,"href":"https:\/\/vidaindependientemexico.com\/index.php?rest_route=\/wp\/v2\/media\/3747"}],"wp:attachment":[{"href":"https:\/\/vidaindependientemexico.com\/index.php?rest_route=%2Fwp%2Fv2%2Fmedia&parent=286"}],"curies":[{"name":"wp","href":"https:\/\/api.w.org\/{rel}","templated":true}]}}