{"id":314,"date":"2012-01-10T00:29:38","date_gmt":"2012-01-10T00:29:38","guid":{"rendered":"http:\/\/vidaindependientemexico.com\/?page_id=314"},"modified":"2025-09-24T03:56:44","modified_gmt":"2025-09-24T03:56:44","slug":"videos-de-integracion","status":"publish","type":"page","link":"https:\/\/vidaindependientemexico.com\/","title":{"rendered":"Vida Independiente en acci\u00f3n"},"content":{"rendered":"ngg_shortcode_0_placeholder\n<p style=\"text-align: left;\"><strong>En nuestro aniversario n\u00famero 25, as\u00ed celebramos las m\u00e1s de 29 mil vidas cambiadas<\/strong><\/p>\n<p><iframe loading=\"lazy\"  id=\"_ytid_31026\"  width=\"584\" height=\"328\"  data-origwidth=\"584\" data-origheight=\"328\" src=\"https:\/\/www.youtube.com\/embed\/GcqJ_GlDrco?enablejsapi=1&#038;autoplay=0&#038;cc_load_policy=0&#038;cc_lang_pref=&#038;iv_load_policy=1&#038;loop=0&#038;rel=1&#038;fs=1&#038;playsinline=0&#038;autohide=2&#038;theme=dark&#038;color=red&#038;controls=1&#038;\" class=\"__youtube_prefs__  epyt-is-override  no-lazyload\" title=\"YouTube player\"  allow=\"fullscreen; accelerometer; autoplay; clipboard-write; encrypted-media; gyroscope; picture-in-picture\" allowfullscreen data-no-lazy=\"1\" data-skipgform_ajax_framebjll=\"\"><\/iframe><\/p>\n<p style=\"text-align: left;\">&nbsp;<\/p>\n<p style=\"text-align: left;\"><strong>5 reglas para vivir en una silla de ruedas. Gracias a Fundaci\u00f3n Grupo M\u00e9xico por la oportunidad<\/strong><\/p>\n<p><iframe loading=\"lazy\"  id=\"_ytid_53444\"  width=\"584\" height=\"328\"  data-origwidth=\"584\" data-origheight=\"328\" src=\"https:\/\/www.youtube.com\/embed\/nvtFapciq-k?enablejsapi=1&#038;autoplay=0&#038;cc_load_policy=0&#038;cc_lang_pref=&#038;iv_load_policy=1&#038;loop=0&#038;rel=1&#038;fs=1&#038;playsinline=0&#038;autohide=2&#038;theme=dark&#038;color=red&#038;controls=1&#038;\" class=\"__youtube_prefs__  epyt-is-override  no-lazyload\" title=\"YouTube player\"  allow=\"fullscreen; accelerometer; autoplay; clipboard-write; encrypted-media; gyroscope; picture-in-picture\" allowfullscreen data-no-lazy=\"1\" data-skipgform_ajax_framebjll=\"\"><\/iframe><\/p>\n<p style=\"text-align: left;\">&nbsp;<\/p>\n<p style=\"text-align: left;\"><strong>Esto es Vida Independiente M\u00e9xico<\/strong><\/p>\n<p><iframe loading=\"lazy\"  id=\"_ytid_87871\"  width=\"584\" height=\"328\"  data-origwidth=\"584\" data-origheight=\"328\" src=\"https:\/\/www.youtube.com\/embed\/z-6mBygG2Lc?enablejsapi=1&#038;autoplay=0&#038;cc_load_policy=0&#038;cc_lang_pref=&#038;iv_load_policy=1&#038;loop=0&#038;rel=1&#038;fs=1&#038;playsinline=0&#038;autohide=2&#038;theme=dark&#038;color=red&#038;controls=1&#038;\" class=\"__youtube_prefs__  epyt-is-override  no-lazyload\" title=\"YouTube player\"  allow=\"fullscreen; accelerometer; autoplay; clipboard-write; encrypted-media; gyroscope; picture-in-picture\" allowfullscreen data-no-lazy=\"1\" data-skipgform_ajax_framebjll=\"\"><\/iframe><\/p>\n<p style=\"text-align: center;\">\u00bfQuieres ver m\u00e1s videos? Ingresa <span style=\"color: #339966;\"><strong><span style=\"font-size: 24pt;\"><a style=\"color: #339966;\" href=\"https:\/\/www.youtube.com\/@vidaindependientemexico7515\/videos\">Aqu\u00ed<\/a><\/span><\/strong><\/span>&nbsp;para dirigirte a nuestro canal de Youtube<\/p>\n","protected":false},"excerpt":{"rendered":"<p>En nuestro aniversario n\u00famero 25, as\u00ed celebramos las m\u00e1s de 29 mil vidas cambiadas &nbsp; 5 reglas para vivir en una silla de ruedas. Gracias a Fundaci\u00f3n Grupo M\u00e9xico por la oportunidad &nbsp; Esto es Vida Independiente M\u00e9xico \u00bfQuieres ver m\u00e1s videos? Ingresa Aqu\u00ed&nbsp;para dirigirte a nuestro canal de Youtube<\/p>\n","protected":false},"author":3,"featured_media":0,"parent":179,"menu_order":0,"comment_status":"closed","ping_status":"closed","template":"","meta":{"ngg_post_thumbnail":0,"footnotes":""},"class_list":["post-314","page","type-page","status-publish","hentry"],"_links":{"self":[{"href":"https:\/\/vidaindependientemexico.com\/index.php?rest_route=\/wp\/v2\/pages\/314"}],"collection":[{"href":"https:\/\/vidaindependientemexico.com\/index.php?rest_route=\/wp\/v2\/pages"}],"about":[{"href":"https:\/\/vidaindependientemexico.com\/index.php?rest_route=\/wp\/v2\/types\/page"}],"author":[{"embeddable":true,"href":"https:\/\/vidaindependientemexico.com\/index.php?rest_route=\/wp\/v2\/users\/3"}],"replies":[{"embeddable":true,"href":"https:\/\/vidaindependientemexico.com\/index.php?rest_route=%2Fwp%2Fv2%2Fcomments&post=314"}],"version-history":[{"count":79,"href":"https:\/\/vidaindependientemexico.com\/index.php?rest_route=\/wp\/v2\/pages\/314\/revisions"}],"predecessor-version":[{"id":5069,"href":"https:\/\/vidaindependientemexico.com\/index.php?rest_route=\/wp\/v2\/pages\/314\/revisions\/5069"}],"up":[{"embeddable":true,"href":"https:\/\/vidaindependientemexico.com\/index.php?rest_route=\/wp\/v2\/pages\/179"}],"wp:attachment":[{"href":"https:\/\/vidaindependientemexico.com\/index.php?rest_route=%2Fwp%2Fv2%2Fmedia&parent=314"}],"curies":[{"name":"wp","href":"https:\/\/api.w.org\/{rel}","templated":true}]}}