{"id":498,"date":"2012-01-11T07:51:29","date_gmt":"2012-01-11T07:51:29","guid":{"rendered":"http:\/\/vidaindependientemexico.com\/?page_id=498"},"modified":"2020-09-30T03:34:06","modified_gmt":"2020-09-30T03:34:06","slug":"donacion-silla-de-ruedas","status":"publish","type":"page","link":"https:\/\/vidaindependientemexico.com\/?page_id=498","title":{"rendered":"Donaci\u00f3n silla de ruedas"},"content":{"rendered":"<p><a href=\"http:\/\/vidaindependientemexico.com\/wp-content\/uploads\/2012\/01\/IMG-20151217-WA0034.jpg\" rel=\"attachment wp-att-2500\"><img loading=\"lazy\" decoding=\"async\" class=\"wp-image-2500 alignleft\" src=\"http:\/\/vidaindependientemexico.com\/wp-content\/uploads\/2012\/01\/IMG-20151217-WA0034.jpg\" alt=\"IMG-20151217-WA0034\" width=\"544\" height=\"408\" srcset=\"https:\/\/vidaindependientemexico.com\/wp-content\/uploads\/2012\/01\/IMG-20151217-WA0034.jpg 1600w, https:\/\/vidaindependientemexico.com\/wp-content\/uploads\/2012\/01\/IMG-20151217-WA0034-300x225.jpg 300w, https:\/\/vidaindependientemexico.com\/wp-content\/uploads\/2012\/01\/IMG-20151217-WA0034-768x576.jpg 768w, https:\/\/vidaindependientemexico.com\/wp-content\/uploads\/2012\/01\/IMG-20151217-WA0034-1024x768.jpg 1024w\" sizes=\"(max-width: 544px) 100vw, 544px\" \/><\/a><\/p>\n<p style=\"text-align: justify;\"><span style=\"color: #000000;\">Siguiendo con los lineamientos de nuestra misi\u00f3n y visi\u00f3n de formar personas con la capacidad de desenvolverse social y laboralmente, desarrollando una filosof\u00eda de vida; contamos con otra modalidad de brindar nuestro Servicio Asistencial gracias al programa de \u201cDonaci\u00f3n de sillas\u201d.<\/span><\/p>\n<p style=\"text-align: justify;\"><span style=\"color: #000000;\">Este proyecto est\u00e1 dirigido a personas con cualquier tipo de discapacidad motora, usuarias de silla de ruedas (secuelas de polio, mielomeningocele, amputaci\u00f3n, malformaci\u00f3n cong\u00e9nita, lesi\u00f3n medular, etc) que no tienen apoyo econ\u00f3mico y que no cuenten con una silla de ruedas adaptada a sus necesidades.<\/span><\/p>\n<p style=\"text-align: justify;\"><span style=\"color: #000000;\">Gracias a la uni\u00f3n de esfuerzos de organizaciones de la sociedad civil, instituciones p\u00fablicas, empresas privadas y Vida Independiente (en alianza y en solitario) m\u00e1s de 26 mil personas de escasos recursos econ\u00f3micos de zonas marginadas de todo el pa\u00eds, han sido beneficiadas con el gozo de obtener una silla de ruedas digna de sus actividades diarias.<\/span><\/p>\n<p><span style=\"color: #000000;\">REQUISITOS Y PROCEDIMIENTO:<\/span><\/p>\n<p>&nbsp;<\/p>\n<p><img loading=\"lazy\" decoding=\"async\" class=\"aligncenter size-full wp-image-4612\" src=\"http:\/\/vidaindependientemexico.com\/wp-content\/uploads\/2020\/09\/Pasos-para-donaci\u00f3n-p\u00e1gina-web.jpg\" alt=\"\" width=\"720\" height=\"960\" srcset=\"https:\/\/vidaindependientemexico.com\/wp-content\/uploads\/2020\/09\/Pasos-para-donaci\u00f3n-p\u00e1gina-web.jpg 720w, https:\/\/vidaindependientemexico.com\/wp-content\/uploads\/2020\/09\/Pasos-para-donaci\u00f3n-p\u00e1gina-web-225x300.jpg 225w\" sizes=\"(max-width: 720px) 100vw, 720px\" \/><\/p>\n","protected":false},"excerpt":{"rendered":"<p>Siguiendo con los lineamientos de nuestra misi\u00f3n y visi\u00f3n de formar personas con la capacidad de desenvolverse social y laboralmente, desarrollando una filosof\u00eda de vida; contamos con otra modalidad de brindar nuestro Servicio Asistencial gracias al programa de \u201cDonaci\u00f3n de sillas\u201d. Este proyecto est\u00e1 dirigido a personas con cualquier tipo<a href=\"https:\/\/vidaindependientemexico.com\/?page_id=498\" class=\"read-more\">Read More<\/a><\/p>\n","protected":false},"author":3,"featured_media":0,"parent":179,"menu_order":0,"comment_status":"closed","ping_status":"closed","template":"","meta":{"ngg_post_thumbnail":0,"footnotes":""},"class_list":["post-498","page","type-page","status-publish","hentry"],"_links":{"self":[{"href":"https:\/\/vidaindependientemexico.com\/index.php?rest_route=\/wp\/v2\/pages\/498"}],"collection":[{"href":"https:\/\/vidaindependientemexico.com\/index.php?rest_route=\/wp\/v2\/pages"}],"about":[{"href":"https:\/\/vidaindependientemexico.com\/index.php?rest_route=\/wp\/v2\/types\/page"}],"author":[{"embeddable":true,"href":"https:\/\/vidaindependientemexico.com\/index.php?rest_route=\/wp\/v2\/users\/3"}],"replies":[{"embeddable":true,"href":"https:\/\/vidaindependientemexico.com\/index.php?rest_route=%2Fwp%2Fv2%2Fcomments&post=498"}],"version-history":[{"count":23,"href":"https:\/\/vidaindependientemexico.com\/index.php?rest_route=\/wp\/v2\/pages\/498\/revisions"}],"predecessor-version":[{"id":4613,"href":"https:\/\/vidaindependientemexico.com\/index.php?rest_route=\/wp\/v2\/pages\/498\/revisions\/4613"}],"up":[{"embeddable":true,"href":"https:\/\/vidaindependientemexico.com\/index.php?rest_route=\/wp\/v2\/pages\/179"}],"wp:attachment":[{"href":"https:\/\/vidaindependientemexico.com\/index.php?rest_route=%2Fwp%2Fv2%2Fmedia&parent=498"}],"curies":[{"name":"wp","href":"https:\/\/api.w.org\/{rel}","templated":true}]}}